{"id":372,"date":"2026-02-10T15:49:40","date_gmt":"2026-02-10T14:49:40","guid":{"rendered":"https:\/\/actionmall.act.at\/shop\/2716\/?post_type=product&#038;p=372"},"modified":"2026-02-10T15:49:40","modified_gmt":"2026-02-10T14:49:40","slug":"feuerloescherueberpruefung","status":"publish","type":"product","link":"https:\/\/actionmall.act.at\/shop\/2716\/produkt\/feuerloescherueberpruefung\/","title":{"rendered":"Feuerl\u00f6scher\u00fcberpr\u00fcfung"},"content":{"rendered":"<p><img loading=\"lazy\" decoding=\"async\" class=\"alignnone size-full wp-image-374\" src=\"https:\/\/actionmall.act.at\/shop\/2716\/wp-content\/uploads\/2026\/02\/Vorteile.png\" alt=\"\" width=\"292\" height=\"154\" \/><\/p>\n","protected":false},"excerpt":{"rendered":"<ul>\n<li>Artikelnummer: Service<\/li>\n<li>Umfang: Feuerl\u00f6scher\u00fcberpr\u00fcfung<\/li>\n<li>Gewicht: Individuell<\/li>\n<\/ul>\n","protected":false},"featured_media":373,"template":"","meta":[],"product_cat":[],"product_tag":[],"class_list":{"0":"post-372","1":"product","2":"type-product","3":"status-publish","4":"has-post-thumbnail","7":"first","8":"instock","9":"taxable","10":"shipping-taxable","11":"purchasable","12":"product-type-simple"},"_links":{"self":[{"href":"https:\/\/actionmall.act.at\/shop\/2716\/wp-json\/wp\/v2\/product\/372"}],"collection":[{"href":"https:\/\/actionmall.act.at\/shop\/2716\/wp-json\/wp\/v2\/product"}],"about":[{"href":"https:\/\/actionmall.act.at\/shop\/2716\/wp-json\/wp\/v2\/types\/product"}],"wp:featuredmedia":[{"embeddable":true,"href":"https:\/\/actionmall.act.at\/shop\/2716\/wp-json\/wp\/v2\/media\/373"}],"wp:attachment":[{"href":"https:\/\/actionmall.act.at\/shop\/2716\/wp-json\/wp\/v2\/media?parent=372"}],"wp:term":[{"taxonomy":"product_cat","embeddable":true,"href":"https:\/\/actionmall.act.at\/shop\/2716\/wp-json\/wp\/v2\/product_cat?post=372"},{"taxonomy":"product_tag","embeddable":true,"href":"https:\/\/actionmall.act.at\/shop\/2716\/wp-json\/wp\/v2\/product_tag?post=372"}],"curies":[{"name":"wp","href":"https:\/\/api.w.org\/{rel}","templated":true}]}}