{"id":276,"date":"2026-03-23T14:38:47","date_gmt":"2026-03-23T13:38:47","guid":{"rendered":"https:\/\/actionmall.act.at\/shop\/2759\/?post_type=product&#038;p=276"},"modified":"2026-03-23T14:38:48","modified_gmt":"2026-03-23T13:38:48","slug":"voeslauer-mineralwasser-prickelnd","status":"publish","type":"product","link":"https:\/\/actionmall.act.at\/shop\/2759\/en\/produkt\/voeslauer-mineralwasser-prickelnd\/","title":{"rendered":"V\u00f6slauer Mineralwasser prickelnd"},"content":{"rendered":"<p>Mineralwasser<br \/>\n1L 12Fl.<\/p>\n<p>Nat\u00fcrlich und mit Geschmack Klares, nat\u00fcrliches Mineralwasser mit Kohlens\u00e4ure, in der II Glas Mehrwegflasche.<br \/>\nNat\u00fcrlich gibt es unser qualitativ Hochwertiges Mineralwasser auch mit Geschmack.<\/p>\n","protected":false},"excerpt":{"rendered":"<p>Mineralwasser 1L 12Fl. Nat\u00fcrlich und mit Geschmack Klares, nat\u00fcrliches Mineralwasser mit Kohlens\u00e4ure, in der II Glas Mehrwegflasche. Nat\u00fcrlich gibt es unser qualitativ Hochwertiges Mineralwasser auch mit Geschmack.<\/p>\n","protected":false},"featured_media":279,"template":"","meta":[],"product_cat":[34],"product_tag":[],"class_list":{"0":"post-276","1":"product","2":"type-product","3":"status-publish","4":"has-post-thumbnail","6":"product_cat-autos-und-fahrzeuge","8":"first","9":"instock","10":"taxable","11":"shipping-taxable","12":"purchasable","13":"product-type-simple"},"_links":{"self":[{"href":"https:\/\/actionmall.act.at\/shop\/2759\/en\/wp-json\/wp\/v2\/product\/276"}],"collection":[{"href":"https:\/\/actionmall.act.at\/shop\/2759\/en\/wp-json\/wp\/v2\/product"}],"about":[{"href":"https:\/\/actionmall.act.at\/shop\/2759\/en\/wp-json\/wp\/v2\/types\/product"}],"wp:featuredmedia":[{"embeddable":true,"href":"https:\/\/actionmall.act.at\/shop\/2759\/en\/wp-json\/wp\/v2\/media\/279"}],"wp:attachment":[{"href":"https:\/\/actionmall.act.at\/shop\/2759\/en\/wp-json\/wp\/v2\/media?parent=276"}],"wp:term":[{"taxonomy":"product_cat","embeddable":true,"href":"https:\/\/actionmall.act.at\/shop\/2759\/en\/wp-json\/wp\/v2\/product_cat?post=276"},{"taxonomy":"product_tag","embeddable":true,"href":"https:\/\/actionmall.act.at\/shop\/2759\/en\/wp-json\/wp\/v2\/product_tag?post=276"}],"curies":[{"name":"wp","href":"https:\/\/api.w.org\/{rel}","templated":true}]}}