{"id":291,"date":"2026-03-23T14:47:08","date_gmt":"2026-03-23T13:47:08","guid":{"rendered":"https:\/\/actionmall.act.at\/shop\/2759\/?post_type=product&#038;p=291"},"modified":"2026-03-23T14:47:08","modified_gmt":"2026-03-23T13:47:08","slug":"gruener-vetliner-smaragd-honivogl-2023-dm-im-ohk","status":"publish","type":"product","link":"https:\/\/actionmall.act.at\/shop\/2759\/en\/produkt\/gruener-vetliner-smaragd-honivogl-2023-dm-im-ohk\/","title":{"rendered":"Gr\u00fcner Vetliner Smaragd Honivogl 2023 DM im OHK"},"content":{"rendered":"<p>Qualit\u00e4tsweine<br \/>\n1 Fl.<\/p>\n<p>Unsere Weine sind von gepr\u00fcften Winzern aus dem<br \/>\neurop\u00e4ischen Raum und von ausgezeichneter Qualit\u00e4t.<br \/>\nDaher garantieren wir f\u00fcr ein unvergleichliches<br \/>\nGeschmackserlebnis.<\/p>\n","protected":false},"excerpt":{"rendered":"<p>Qualit\u00e4tsweine 1 Fl. Unsere Weine sind von gepr\u00fcften Winzern aus dem europ\u00e4ischen Raum und von ausgezeichneter Qualit\u00e4t. Daher garantieren wir f\u00fcr ein unvergleichliches Geschmackserlebnis.<\/p>\n","protected":false},"featured_media":292,"template":"","meta":[],"product_cat":[34],"product_tag":[],"class_list":{"0":"post-291","1":"product","2":"type-product","3":"status-publish","4":"has-post-thumbnail","6":"product_cat-autos-und-fahrzeuge","8":"first","9":"instock","10":"taxable","11":"shipping-taxable","12":"purchasable","13":"product-type-simple"},"_links":{"self":[{"href":"https:\/\/actionmall.act.at\/shop\/2759\/en\/wp-json\/wp\/v2\/product\/291"}],"collection":[{"href":"https:\/\/actionmall.act.at\/shop\/2759\/en\/wp-json\/wp\/v2\/product"}],"about":[{"href":"https:\/\/actionmall.act.at\/shop\/2759\/en\/wp-json\/wp\/v2\/types\/product"}],"wp:featuredmedia":[{"embeddable":true,"href":"https:\/\/actionmall.act.at\/shop\/2759\/en\/wp-json\/wp\/v2\/media\/292"}],"wp:attachment":[{"href":"https:\/\/actionmall.act.at\/shop\/2759\/en\/wp-json\/wp\/v2\/media?parent=291"}],"wp:term":[{"taxonomy":"product_cat","embeddable":true,"href":"https:\/\/actionmall.act.at\/shop\/2759\/en\/wp-json\/wp\/v2\/product_cat?post=291"},{"taxonomy":"product_tag","embeddable":true,"href":"https:\/\/actionmall.act.at\/shop\/2759\/en\/wp-json\/wp\/v2\/product_tag?post=291"}],"curies":[{"name":"wp","href":"https:\/\/api.w.org\/{rel}","templated":true}]}}