{"id":260,"date":"2026-03-23T14:24:43","date_gmt":"2026-03-23T13:24:43","guid":{"rendered":"https:\/\/actionmall.act.at\/shop\/2759\/?post_type=product&#038;p=260"},"modified":"2026-03-23T14:24:43","modified_gmt":"2026-03-23T13:24:43","slug":"pago-orange","status":"publish","type":"product","link":"https:\/\/actionmall.act.at\/shop\/2759\/produkt\/pago-orange\/","title":{"rendered":"Pago Orange"},"content":{"rendered":"<p>Fruchts\u00e4fte Pago<\/p>\n<p>1L 12Fl.<br \/>\nPago Premium-Qualit\u00e4t in der umweltfreundlichen Glasflasche ohne k\u00fcnstliche Aromen, Farbstoffe und Konservierungsstoffe.<\/p>\n","protected":false},"excerpt":{"rendered":"<p>Fruchts\u00e4fte Pago 1L 12Fl. Pago Premium-Qualit\u00e4t in der umweltfreundlichen Glasflasche ohne k\u00fcnstliche Aromen, Farbstoffe und Konservierungsstoffe.<\/p>\n","protected":false},"featured_media":261,"template":"","meta":[],"product_cat":[34],"product_tag":[],"class_list":{"0":"post-260","1":"product","2":"type-product","3":"status-publish","4":"has-post-thumbnail","6":"product_cat-autos-und-fahrzeuge","8":"first","9":"instock","10":"taxable","11":"shipping-taxable","12":"purchasable","13":"product-type-simple"},"_links":{"self":[{"href":"https:\/\/actionmall.act.at\/shop\/2759\/wp-json\/wp\/v2\/product\/260"}],"collection":[{"href":"https:\/\/actionmall.act.at\/shop\/2759\/wp-json\/wp\/v2\/product"}],"about":[{"href":"https:\/\/actionmall.act.at\/shop\/2759\/wp-json\/wp\/v2\/types\/product"}],"wp:featuredmedia":[{"embeddable":true,"href":"https:\/\/actionmall.act.at\/shop\/2759\/wp-json\/wp\/v2\/media\/261"}],"wp:attachment":[{"href":"https:\/\/actionmall.act.at\/shop\/2759\/wp-json\/wp\/v2\/media?parent=260"}],"wp:term":[{"taxonomy":"product_cat","embeddable":true,"href":"https:\/\/actionmall.act.at\/shop\/2759\/wp-json\/wp\/v2\/product_cat?post=260"},{"taxonomy":"product_tag","embeddable":true,"href":"https:\/\/actionmall.act.at\/shop\/2759\/wp-json\/wp\/v2\/product_tag?post=260"}],"curies":[{"name":"wp","href":"https:\/\/api.w.org\/{rel}","templated":true}]}}