{"id":266,"date":"2026-03-23T14:29:03","date_gmt":"2026-03-23T13:29:03","guid":{"rendered":"https:\/\/actionmall.act.at\/shop\/2759\/?post_type=product&#038;p=266"},"modified":"2026-03-23T14:29:03","modified_gmt":"2026-03-23T13:29:03","slug":"pago-apfel","status":"publish","type":"product","link":"https:\/\/actionmall.act.at\/shop\/2759\/produkt\/pago-apfel\/","title":{"rendered":"Pago Apfel"},"content":{"rendered":"<p>Fruchts\u00e4fte Pago<\/p>\n<p>1L 12Fl.<br \/>\nPago Premium-Qualit\u00e4t in der umweltfreundlichen Glasflasche ohne k\u00fcnstliche Aromen, Farbstoffe und Konservierungsstoffe.<\/p>\n","protected":false},"excerpt":{"rendered":"<p>Fruchts\u00e4fte Pago 1L 12Fl. Pago Premium-Qualit\u00e4t in der umweltfreundlichen Glasflasche ohne k\u00fcnstliche Aromen, Farbstoffe und Konservierungsstoffe.<\/p>\n","protected":false},"featured_media":267,"template":"","meta":[],"product_cat":[34],"product_tag":[],"class_list":{"0":"post-266","1":"product","2":"type-product","3":"status-publish","4":"has-post-thumbnail","6":"product_cat-autos-und-fahrzeuge","8":"first","9":"instock","10":"taxable","11":"shipping-taxable","12":"purchasable","13":"product-type-simple"},"_links":{"self":[{"href":"https:\/\/actionmall.act.at\/shop\/2759\/wp-json\/wp\/v2\/product\/266"}],"collection":[{"href":"https:\/\/actionmall.act.at\/shop\/2759\/wp-json\/wp\/v2\/product"}],"about":[{"href":"https:\/\/actionmall.act.at\/shop\/2759\/wp-json\/wp\/v2\/types\/product"}],"wp:featuredmedia":[{"embeddable":true,"href":"https:\/\/actionmall.act.at\/shop\/2759\/wp-json\/wp\/v2\/media\/267"}],"wp:attachment":[{"href":"https:\/\/actionmall.act.at\/shop\/2759\/wp-json\/wp\/v2\/media?parent=266"}],"wp:term":[{"taxonomy":"product_cat","embeddable":true,"href":"https:\/\/actionmall.act.at\/shop\/2759\/wp-json\/wp\/v2\/product_cat?post=266"},{"taxonomy":"product_tag","embeddable":true,"href":"https:\/\/actionmall.act.at\/shop\/2759\/wp-json\/wp\/v2\/product_tag?post=266"}],"curies":[{"name":"wp","href":"https:\/\/api.w.org\/{rel}","templated":true}]}}