{"id":285,"date":"2026-03-23T14:42:30","date_gmt":"2026-03-23T13:42:30","guid":{"rendered":"https:\/\/actionmall.act.at\/shop\/2759\/?post_type=product&#038;p=285"},"modified":"2026-03-23T14:42:30","modified_gmt":"2026-03-23T13:42:30","slug":"roemerquelle-mineralwasser-prickelnd","status":"publish","type":"product","link":"https:\/\/actionmall.act.at\/shop\/2759\/produkt\/roemerquelle-mineralwasser-prickelnd\/","title":{"rendered":"R\u00f6merquelle Mineralwasser prickelnd"},"content":{"rendered":"<p>Mineralwasser<br \/>\n1L 12Fl.<\/p>\n<p>Nat\u00fcrlich und mit Geschmack Klares, nat\u00fcrliches Mineralwasser mit Kohlens\u00e4ure, in der II Glas Mehrwegflasche.<br \/>\nNat\u00fcrlich gibt es unser qualitativ Hochwertiges Mineralwasser auch mit Geschmack.<\/p>\n","protected":false},"excerpt":{"rendered":"<p>Mineralwasser 1L 12Fl. Nat\u00fcrlich und mit Geschmack Klares, nat\u00fcrliches Mineralwasser mit Kohlens\u00e4ure, in der II Glas Mehrwegflasche. Nat\u00fcrlich gibt es unser qualitativ Hochwertiges Mineralwasser auch mit Geschmack.<\/p>\n","protected":false},"featured_media":286,"template":"","meta":[],"product_cat":[34],"product_tag":[],"class_list":{"0":"post-285","1":"product","2":"type-product","3":"status-publish","4":"has-post-thumbnail","6":"product_cat-autos-und-fahrzeuge","8":"first","9":"instock","10":"taxable","11":"shipping-taxable","12":"purchasable","13":"product-type-simple"},"_links":{"self":[{"href":"https:\/\/actionmall.act.at\/shop\/2759\/wp-json\/wp\/v2\/product\/285"}],"collection":[{"href":"https:\/\/actionmall.act.at\/shop\/2759\/wp-json\/wp\/v2\/product"}],"about":[{"href":"https:\/\/actionmall.act.at\/shop\/2759\/wp-json\/wp\/v2\/types\/product"}],"wp:featuredmedia":[{"embeddable":true,"href":"https:\/\/actionmall.act.at\/shop\/2759\/wp-json\/wp\/v2\/media\/286"}],"wp:attachment":[{"href":"https:\/\/actionmall.act.at\/shop\/2759\/wp-json\/wp\/v2\/media?parent=285"}],"wp:term":[{"taxonomy":"product_cat","embeddable":true,"href":"https:\/\/actionmall.act.at\/shop\/2759\/wp-json\/wp\/v2\/product_cat?post=285"},{"taxonomy":"product_tag","embeddable":true,"href":"https:\/\/actionmall.act.at\/shop\/2759\/wp-json\/wp\/v2\/product_tag?post=285"}],"curies":[{"name":"wp","href":"https:\/\/api.w.org\/{rel}","templated":true}]}}