{"id":260,"date":"2025-12-01T11:15:34","date_gmt":"2025-12-01T10:15:34","guid":{"rendered":"https:\/\/actionmall.act.at\/shop\/2770\/?post_type=product&#038;p=260"},"modified":"2025-12-22T09:21:30","modified_gmt":"2025-12-22T08:21:30","slug":"personalisiertes-schluesselband","status":"publish","type":"product","link":"https:\/\/actionmall.act.at\/shop\/2770\/produkt\/personalisiertes-schluesselband\/","title":{"rendered":"Personalisiertes Schl\u00fcsselband"},"content":{"rendered":"<p data-start=\"178\" data-end=\"501\">Unser hochwertiges Schl\u00fcsselband ist der ideale Allround-Werbeartikel f\u00fcr Events, Unternehmen und Marken, die t\u00e4glich im Blick ihrer Zielgruppe bleiben m\u00f6chten. Aus strapazierf\u00e4higem Material gefertigt, bietet das Lanyard hohen Tragekomfort und eignet sich perfekt f\u00fcr Schl\u00fcssel, Ausweise, Karten oder kleine Alltagshelfer.<\/p>\n<p data-start=\"503\" data-end=\"747\">Ihr Logo, Slogan oder individuelles Design kann vollfl\u00e4chig und farbintensiv auf das Band gedruckt werden. Dank moderner Drucktechnologien erh\u00e4lt Ihr Schl\u00fcsselband eine brillante, langlebige Veredelung, die Ihre Marke professionell pr\u00e4sentiert.<\/p>\n<p data-start=\"749\" data-end=\"772\"><strong data-start=\"749\" data-end=\"772\">Produkt-Highlights:<\/strong><\/p>\n<ul data-start=\"773\" data-end=\"1112\">\n<li data-start=\"773\" data-end=\"825\">\n<p data-start=\"775\" data-end=\"825\">Individuell bedruckbares Schl\u00fcsselband (Lanyard)<\/p>\n<\/li>\n<li data-start=\"826\" data-end=\"883\">\n<p data-start=\"828\" data-end=\"883\">Hochwertiges, robustes Material f\u00fcr t\u00e4glichen Einsatz<\/p>\n<\/li>\n<li data-start=\"884\" data-end=\"946\">\n<p data-start=\"886\" data-end=\"946\">Farbintensiver, langlebiger Druck Ihres Logos oder Designs<\/p>\n<\/li>\n<li data-start=\"947\" data-end=\"1024\">\n<p data-start=\"949\" data-end=\"1024\">Perfekt f\u00fcr Messen, Firmenveranstaltungen, Schulen, Sportvereine &#038; Events<\/p>\n<\/li>\n<li data-start=\"1025\" data-end=\"1112\">\n<p data-start=\"1027\" data-end=\"1112\">Mit vielf\u00e4ltigen Befestigungsoptionen: Karabiner, Sicherheitsclip, Handyhalter uvm.<\/p>\n<\/li>\n<\/ul>\n<p data-start=\"1114\" data-end=\"1283\">Setzen Sie auf maximale Markenpr\u00e4senz und schenken Sie Ihren Kunden, Mitarbeitenden oder Event-Teilnehmern ein praktisches, individuelles und professionelles Accessoire.<\/p>\n","protected":false},"excerpt":{"rendered":"<p>Unser hochwertiges Schl\u00fcsselband ist der ideale Allround-Werbeartikel f\u00fcr Events, Unternehmen und Marken, die t\u00e4glich im Blick ihrer Zielgruppe bleiben m\u00f6chten. Aus strapazierf\u00e4higem Material gefertigt, bietet das Lanyard hohen Tragekomfort und eignet sich perfekt f\u00fcr Schl\u00fcssel, Ausweise, Karten oder kleine Alltagshelfer. Ihr Logo, Slogan oder individuelles Design kann vollfl\u00e4chig und farbintensiv auf das Band gedruckt werden. [&hellip;]<\/p>\n","protected":false},"featured_media":272,"template":"","meta":[],"product_cat":[],"product_tag":[],"class_list":{"0":"post-260","1":"product","2":"type-product","3":"status-publish","4":"has-post-thumbnail","7":"first","8":"instock","9":"sale","10":"taxable","11":"shipping-taxable","12":"purchasable","13":"product-type-simple"},"_links":{"self":[{"href":"https:\/\/actionmall.act.at\/shop\/2770\/wp-json\/wp\/v2\/product\/260"}],"collection":[{"href":"https:\/\/actionmall.act.at\/shop\/2770\/wp-json\/wp\/v2\/product"}],"about":[{"href":"https:\/\/actionmall.act.at\/shop\/2770\/wp-json\/wp\/v2\/types\/product"}],"wp:featuredmedia":[{"embeddable":true,"href":"https:\/\/actionmall.act.at\/shop\/2770\/wp-json\/wp\/v2\/media\/272"}],"wp:attachment":[{"href":"https:\/\/actionmall.act.at\/shop\/2770\/wp-json\/wp\/v2\/media?parent=260"}],"wp:term":[{"taxonomy":"product_cat","embeddable":true,"href":"https:\/\/actionmall.act.at\/shop\/2770\/wp-json\/wp\/v2\/product_cat?post=260"},{"taxonomy":"product_tag","embeddable":true,"href":"https:\/\/actionmall.act.at\/shop\/2770\/wp-json\/wp\/v2\/product_tag?post=260"}],"curies":[{"name":"wp","href":"https:\/\/api.w.org\/{rel}","templated":true}]}}