{"id":275,"date":"2025-12-22T09:51:09","date_gmt":"2025-12-22T08:51:09","guid":{"rendered":"https:\/\/actionmall.act.at\/shop\/2770\/?post_type=product&#038;p=275"},"modified":"2026-03-16T09:41:13","modified_gmt":"2026-03-16T08:41:13","slug":"personalisierbares-t-shirt","status":"publish","type":"product","link":"https:\/\/actionmall.act.at\/shop\/2770\/produkt\/personalisierbares-t-shirt\/","title":{"rendered":"Personalisierbares T-Shirt"},"content":{"rendered":"<p data-start=\"96\" data-end=\"142\"><strong data-start=\"96\" data-end=\"140\">Dein T-Shirt. Dein Stil. Dein Statement.<\/strong><\/p>\n<p data-start=\"144\" data-end=\"521\">Gestalte dein perfektes T-Shirt \u2013 ganz nach deinen Vorstellungen! Unser hochwertiges, personalisierbares T-Shirt bietet dir die M\u00f6glichkeit, dein einzigartiges Design, deinen Namen oder ein besonderes Statement aufzubringen. Ob f\u00fcr dich selbst, als Geschenk f\u00fcr Freunde oder Familie, oder f\u00fcr besondere Anl\u00e4sse \u2013 mit diesem Shirt wird jedes Outfit zum pers\u00f6nlichen Highlight.<\/p>\n<p data-start=\"523\" data-end=\"544\"><strong data-start=\"523\" data-end=\"542\">Produktdetails:<\/strong><\/p>\n<ul data-start=\"545\" data-end=\"820\">\n<li data-start=\"545\" data-end=\"618\">\n<p data-start=\"547\" data-end=\"618\">Material: 100% Baumwolle \u2013 weich, atmungsaktiv und angenehm zu tragen<\/p>\n<\/li>\n<li data-start=\"619\" data-end=\"675\">\n<p data-start=\"621\" data-end=\"675\">Passform: Unisex, in verschiedenen Gr\u00f6\u00dfen erh\u00e4ltlich<\/p>\n<\/li>\n<li data-start=\"676\" data-end=\"741\">\n<p data-start=\"678\" data-end=\"741\">Personalisierung: Text, Grafik oder Logo nach deinen W\u00fcnschen<\/p>\n<\/li>\n<li data-start=\"742\" data-end=\"820\">\n<p data-start=\"744\" data-end=\"820\">Pflegehinweis: Maschinenwaschbar bei 30\u00b0C, Form und Farbe bleiben erhalten<\/p>\n<\/li>\n<\/ul>\n<p data-start=\"822\" data-end=\"867\"><strong data-start=\"822\" data-end=\"865\">Warum unser personalisierbares T-Shirt?<\/strong><\/p>\n<ul data-start=\"868\" data-end=\"1091\">\n<li data-start=\"868\" data-end=\"935\">\n<p data-start=\"870\" data-end=\"935\">Einzigartig: Kein anderes Shirt wird genauso aussehen wie deins<\/p>\n<\/li>\n<li data-start=\"936\" data-end=\"1012\">\n<p data-start=\"938\" data-end=\"1012\">Vielseitig: Ideal f\u00fcr Freizeit, Events, Teambekleidung oder als Geschenk<\/p>\n<\/li>\n<li data-start=\"1013\" data-end=\"1091\">\n<p data-start=\"1015\" data-end=\"1091\">Hochwertig: Langlebige Druckqualit\u00e4t, die auch nach vielen W\u00e4schen strahlt<\/p>\n<\/li>\n<\/ul>\n<p data-start=\"1093\" data-end=\"1184\">Mach dein T-Shirt zu einem echten Unikat \u2013 deiner Kreativit\u00e4t sind keine Grenzen gesetzt!<\/p>\n","protected":false},"excerpt":{"rendered":"<p>Dein T-Shirt. Dein Stil. Dein Statement. Gestalte dein perfektes T-Shirt \u2013 ganz nach deinen Vorstellungen! Unser hochwertiges, personalisierbares T-Shirt bietet dir die M\u00f6glichkeit, dein einzigartiges Design, deinen Namen oder ein besonderes Statement aufzubringen. Ob f\u00fcr dich selbst, als Geschenk f\u00fcr Freunde oder Familie, oder f\u00fcr besondere Anl\u00e4sse \u2013 mit diesem Shirt wird jedes Outfit zum [&hellip;]<\/p>\n","protected":false},"featured_media":276,"template":"","meta":[],"product_cat":[],"product_tag":[],"class_list":{"0":"post-275","1":"product","2":"type-product","3":"status-publish","4":"has-post-thumbnail","7":"first","8":"instock","9":"sale","10":"taxable","11":"shipping-taxable","12":"purchasable","13":"product-type-simple"},"_links":{"self":[{"href":"https:\/\/actionmall.act.at\/shop\/2770\/wp-json\/wp\/v2\/product\/275"}],"collection":[{"href":"https:\/\/actionmall.act.at\/shop\/2770\/wp-json\/wp\/v2\/product"}],"about":[{"href":"https:\/\/actionmall.act.at\/shop\/2770\/wp-json\/wp\/v2\/types\/product"}],"wp:featuredmedia":[{"embeddable":true,"href":"https:\/\/actionmall.act.at\/shop\/2770\/wp-json\/wp\/v2\/media\/276"}],"wp:attachment":[{"href":"https:\/\/actionmall.act.at\/shop\/2770\/wp-json\/wp\/v2\/media?parent=275"}],"wp:term":[{"taxonomy":"product_cat","embeddable":true,"href":"https:\/\/actionmall.act.at\/shop\/2770\/wp-json\/wp\/v2\/product_cat?post=275"},{"taxonomy":"product_tag","embeddable":true,"href":"https:\/\/actionmall.act.at\/shop\/2770\/wp-json\/wp\/v2\/product_tag?post=275"}],"curies":[{"name":"wp","href":"https:\/\/api.w.org\/{rel}","templated":true}]}}