{"id":295,"date":"2025-01-23T10:31:33","date_gmt":"2025-01-23T09:31:33","guid":{"rendered":"https:\/\/actionmall.act.at\/shop\/2817\/?post_type=product&#038;p=295"},"modified":"2025-11-24T10:25:56","modified_gmt":"2025-11-24T09:25:56","slug":"parfuem-automat","status":"publish","type":"product","link":"https:\/\/actionmall.act.at\/shop\/2817\/produkt\/parfuem-automat\/","title":{"rendered":"Parf\u00fcm Automat"},"content":{"rendered":"<p>Sie wollen gut riechen?<\/p>\n<p>Unser neue Parf\u00fcm Automat ist die perfekte L\u00f6sung f\u00fcr gute Ger\u00fcche.<\/p>\n<p>120 kg\tH:2,3m\tB:0,9m\tL:1,5m<\/p>\n","protected":false},"excerpt":{"rendered":"<p>Sie wollen gut riechen? Unser neue Parf\u00fcm Automat ist die perfekte L\u00f6sung f\u00fcr gute Ger\u00fcche. 120 kg H:2,3m B:0,9m L:1,5m<\/p>\n","protected":false},"featured_media":296,"template":"","meta":[],"product_cat":[],"product_tag":[],"class_list":{"0":"post-295","1":"product","2":"type-product","3":"status-publish","4":"has-post-thumbnail","7":"first","8":"instock","9":"taxable","10":"shipping-taxable","11":"purchasable","12":"product-type-simple"},"_links":{"self":[{"href":"https:\/\/actionmall.act.at\/shop\/2817\/wp-json\/wp\/v2\/product\/295"}],"collection":[{"href":"https:\/\/actionmall.act.at\/shop\/2817\/wp-json\/wp\/v2\/product"}],"about":[{"href":"https:\/\/actionmall.act.at\/shop\/2817\/wp-json\/wp\/v2\/types\/product"}],"wp:featuredmedia":[{"embeddable":true,"href":"https:\/\/actionmall.act.at\/shop\/2817\/wp-json\/wp\/v2\/media\/296"}],"wp:attachment":[{"href":"https:\/\/actionmall.act.at\/shop\/2817\/wp-json\/wp\/v2\/media?parent=295"}],"wp:term":[{"taxonomy":"product_cat","embeddable":true,"href":"https:\/\/actionmall.act.at\/shop\/2817\/wp-json\/wp\/v2\/product_cat?post=295"},{"taxonomy":"product_tag","embeddable":true,"href":"https:\/\/actionmall.act.at\/shop\/2817\/wp-json\/wp\/v2\/product_tag?post=295"}],"curies":[{"name":"wp","href":"https:\/\/api.w.org\/{rel}","templated":true}]}}