{"id":454,"date":"2025-12-16T16:00:58","date_gmt":"2025-12-16T15:00:58","guid":{"rendered":"https:\/\/actionmall.act.at\/shop\/2824\/?post_type=product&#038;p=454"},"modified":"2026-04-07T15:55:26","modified_gmt":"2026-04-07T13:55:26","slug":"massagepistole","status":"publish","type":"product","link":"https:\/\/actionmall.act.at\/shop\/2824\/en\/produkt\/massagepistole\/","title":{"rendered":"Massagepistole"},"content":{"rendered":"<p>Du treibst auch viel Sport und hasst es wenn sich am n\u00e4chsten Tag Beine und Arme leer anf\u00fchlen? Dann haben wir genau das richtige f\u00fcr dich. Eine hochwertige Massagepistole die gegen jede Art von Verspannungen hilft. Schlag jetzt zu und leide nie wieder an Muskelkater, damit du Top Fit ins n\u00e4chste Training starten kannst.<\/p>\n","protected":false},"excerpt":{"rendered":"<p>Du treibst auch viel Sport und hasst es wenn sich am n\u00e4chsten Tag Beine und Arme leer anf\u00fchlen? Dann haben wir genau das richtige f\u00fcr dich. Eine hochwertige Massagepistole die gegen jede Art von Verspannungen hilft. Schlag jetzt zu und leide nie wieder an Muskelkater, damit du Top Fit ins n\u00e4chste Training starten kannst.<\/p>\n","protected":false},"featured_media":455,"template":"","meta":[],"product_cat":[34,35,42,43,44,45,46,47,59,60,61,62,63],"product_tag":[],"class_list":{"0":"post-454","1":"product","2":"type-product","3":"status-publish","4":"has-post-thumbnail","6":"product_cat-autos-und-fahrzeuge","7":"product_cat-bekleidung-und-zubehoer","8":"product_cat-immobilien-heim-und-garten","9":"product_cat-unterhaltung-freizeit-und-kultur","10":"product_cat-essen-und-trinken","11":"product_cat-sport-veranstaltungen-hobbies","12":"product_cat-gesundheit-und-wellness","13":"product_cat-buero-und-bueroeinrichtung","14":"product_cat-werbung-marketing-und-medien","15":"product_cat-transport-und-logistik","16":"product_cat-dienstleistungen-und-oeffentliche-versorgung","17":"product_cat-technische-infrastruktur-industrie","18":"product_cat-tourismus-und-reisen","20":"first","21":"instock","22":"taxable","23":"shipping-taxable","24":"purchasable","25":"product-type-simple"},"_links":{"self":[{"href":"https:\/\/actionmall.act.at\/shop\/2824\/en\/wp-json\/wp\/v2\/product\/454"}],"collection":[{"href":"https:\/\/actionmall.act.at\/shop\/2824\/en\/wp-json\/wp\/v2\/product"}],"about":[{"href":"https:\/\/actionmall.act.at\/shop\/2824\/en\/wp-json\/wp\/v2\/types\/product"}],"wp:featuredmedia":[{"embeddable":true,"href":"https:\/\/actionmall.act.at\/shop\/2824\/en\/wp-json\/wp\/v2\/media\/455"}],"wp:attachment":[{"href":"https:\/\/actionmall.act.at\/shop\/2824\/en\/wp-json\/wp\/v2\/media?parent=454"}],"wp:term":[{"taxonomy":"product_cat","embeddable":true,"href":"https:\/\/actionmall.act.at\/shop\/2824\/en\/wp-json\/wp\/v2\/product_cat?post=454"},{"taxonomy":"product_tag","embeddable":true,"href":"https:\/\/actionmall.act.at\/shop\/2824\/en\/wp-json\/wp\/v2\/product_tag?post=454"}],"curies":[{"name":"wp","href":"https:\/\/api.w.org\/{rel}","templated":true}]}}