{"id":456,"date":"2025-12-16T16:17:34","date_gmt":"2025-12-16T15:17:34","guid":{"rendered":"https:\/\/actionmall.act.at\/shop\/2824\/?post_type=product&#038;p=456"},"modified":"2026-04-07T15:54:55","modified_gmt":"2026-04-07T13:54:55","slug":"lauf-sportsocken-trend-design","status":"publish","type":"product","link":"https:\/\/actionmall.act.at\/shop\/2824\/en\/produkt\/lauf-sportsocken-trend-design\/","title":{"rendered":"Lauf-\/Sportsocken Trend Design"},"content":{"rendered":"<p>Du bist auf der suche nach Lauf- bzw. Sportsocken mit einem etwas anderem Design? Dann haben wir genau das richtige f\u00fcr dich. Elastische Baumwollsocken mit John Pork Design. Mit diesen Socken f\u00e4llst du garantiert auf bei deinem n\u00e4chsten Training doch nicht nur das, des Weiteren nehmen sie schwei\u00df schnell auf und haben einen angenehmen trage Komfort. Perfekt um maximale Leistung in jedem Training abzurufen.<\/p>\n","protected":false},"excerpt":{"rendered":"<p>Du bist auf der suche nach Lauf- bzw. Sportsocken mit einem etwas anderem Design? Dann haben wir genau das richtige f\u00fcr dich. Elastische Baumwollsocken mit John Pork Design. Mit diesen Socken f\u00e4llst du garantiert auf bei deinem n\u00e4chsten Training doch nicht nur das, des Weiteren nehmen sie schwei\u00df schnell auf und haben einen angenehmen trage [&hellip;]<\/p>\n","protected":false},"featured_media":457,"template":"","meta":[],"product_cat":[34,35,42,43,44,45,46,47,59,60,61,62],"product_tag":[],"class_list":{"0":"post-456","1":"product","2":"type-product","3":"status-publish","4":"has-post-thumbnail","6":"product_cat-autos-und-fahrzeuge","7":"product_cat-bekleidung-und-zubehoer","8":"product_cat-immobilien-heim-und-garten","9":"product_cat-unterhaltung-freizeit-und-kultur","10":"product_cat-essen-und-trinken","11":"product_cat-sport-veranstaltungen-hobbies","12":"product_cat-gesundheit-und-wellness","13":"product_cat-buero-und-bueroeinrichtung","14":"product_cat-werbung-marketing-und-medien","15":"product_cat-transport-und-logistik","16":"product_cat-dienstleistungen-und-oeffentliche-versorgung","17":"product_cat-technische-infrastruktur-industrie","19":"first","20":"instock","21":"taxable","22":"shipping-taxable","23":"purchasable","24":"product-type-simple"},"_links":{"self":[{"href":"https:\/\/actionmall.act.at\/shop\/2824\/en\/wp-json\/wp\/v2\/product\/456"}],"collection":[{"href":"https:\/\/actionmall.act.at\/shop\/2824\/en\/wp-json\/wp\/v2\/product"}],"about":[{"href":"https:\/\/actionmall.act.at\/shop\/2824\/en\/wp-json\/wp\/v2\/types\/product"}],"wp:featuredmedia":[{"embeddable":true,"href":"https:\/\/actionmall.act.at\/shop\/2824\/en\/wp-json\/wp\/v2\/media\/457"}],"wp:attachment":[{"href":"https:\/\/actionmall.act.at\/shop\/2824\/en\/wp-json\/wp\/v2\/media?parent=456"}],"wp:term":[{"taxonomy":"product_cat","embeddable":true,"href":"https:\/\/actionmall.act.at\/shop\/2824\/en\/wp-json\/wp\/v2\/product_cat?post=456"},{"taxonomy":"product_tag","embeddable":true,"href":"https:\/\/actionmall.act.at\/shop\/2824\/en\/wp-json\/wp\/v2\/product_tag?post=456"}],"curies":[{"name":"wp","href":"https:\/\/api.w.org\/{rel}","templated":true}]}}