{"id":257,"date":"2024-11-12T15:26:37","date_gmt":"2024-11-12T14:26:37","guid":{"rendered":"https:\/\/actionmall.act.at\/shop\/2824\/?post_type=product&#038;p=257"},"modified":"2025-02-18T12:55:50","modified_gmt":"2025-02-18T11:55:50","slug":"fruehstueckspacket-2","status":"publish","type":"product","link":"https:\/\/actionmall.act.at\/shop\/2824\/produkt\/fruehstueckspacket-2\/","title":{"rendered":"Fr\u00fchst\u00fcckspacket"},"content":{"rendered":"<p>Das ideale Set f\u00fcr einen gesunden Start in den Tag! Enth\u00e4lt eine ausgewogene Auswahl an Vollkorn-M\u00fcsli, nahrhaften N\u00fcssen, fruchtigen Trockenfr\u00fcchten und einer Portion proteinreicher Joghurtalternative. Schnell zubereitet, lecker und voller Vitamine \u2013 perfekt f\u00fcr ein energiereiches Fr\u00fchst\u00fcck, das dich bis zum Mittagessen s\u00e4ttigt. Genuss ohne Kompromisse!<\/p>\n","protected":false},"excerpt":{"rendered":"<p>Das ideale Set f\u00fcr einen gesunden Start in den Tag! Enth\u00e4lt eine ausgewogene Auswahl an Vollkorn-M\u00fcsli, nahrhaften N\u00fcssen, fruchtigen Trockenfr\u00fcchten und einer Portion proteinreicher Joghurtalternative. Schnell zubereitet, lecker und voller Vitamine \u2013 perfekt f\u00fcr ein energiereiches Fr\u00fchst\u00fcck, das dich bis zum Mittagessen s\u00e4ttigt. Genuss ohne Kompromisse!<\/p>\n","protected":false},"featured_media":255,"template":"","meta":[],"product_cat":[],"product_tag":[],"class_list":{"0":"post-257","1":"product","2":"type-product","3":"status-publish","4":"has-post-thumbnail","7":"first","8":"instock","9":"taxable","10":"shipping-taxable","11":"purchasable","12":"product-type-simple"},"_links":{"self":[{"href":"https:\/\/actionmall.act.at\/shop\/2824\/wp-json\/wp\/v2\/product\/257"}],"collection":[{"href":"https:\/\/actionmall.act.at\/shop\/2824\/wp-json\/wp\/v2\/product"}],"about":[{"href":"https:\/\/actionmall.act.at\/shop\/2824\/wp-json\/wp\/v2\/types\/product"}],"wp:featuredmedia":[{"embeddable":true,"href":"https:\/\/actionmall.act.at\/shop\/2824\/wp-json\/wp\/v2\/media\/255"}],"wp:attachment":[{"href":"https:\/\/actionmall.act.at\/shop\/2824\/wp-json\/wp\/v2\/media?parent=257"}],"wp:term":[{"taxonomy":"product_cat","embeddable":true,"href":"https:\/\/actionmall.act.at\/shop\/2824\/wp-json\/wp\/v2\/product_cat?post=257"},{"taxonomy":"product_tag","embeddable":true,"href":"https:\/\/actionmall.act.at\/shop\/2824\/wp-json\/wp\/v2\/product_tag?post=257"}],"curies":[{"name":"wp","href":"https:\/\/api.w.org\/{rel}","templated":true}]}}