{"id":429,"date":"2025-11-25T16:33:54","date_gmt":"2025-11-25T15:33:54","guid":{"rendered":"https:\/\/actionmall.act.at\/shop\/2824\/?post_type=product&#038;p=429"},"modified":"2026-04-07T15:57:10","modified_gmt":"2026-04-07T13:57:10","slug":"katzen-unterhose","status":"publish","type":"product","link":"https:\/\/actionmall.act.at\/shop\/2824\/produkt\/katzen-unterhose\/","title":{"rendered":"Katzen Unterhose"},"content":{"rendered":"<h4><strong><em>Verspielt oder doch lieber kratzb\u00fcrstig, mit unserer Katzenunterhose f\u00fchlst auch du dich bestimmt sofort MIAUTASTISCH! (wie ein gro\u00dfer Stubentiger) <\/em><\/strong><\/h4>\n","protected":false},"excerpt":{"rendered":"<p>Verspielt oder doch lieber kratzb\u00fcrstig, mit unserer Katzenunterhose f\u00fchlst auch du dich bestimmt sofort MIAUTASTISCH! (wie ein gro\u00dfer Stubentiger)<\/p>\n","protected":false},"featured_media":335,"template":"","meta":[],"product_cat":[34,35,42,43,44,45,46,47],"product_tag":[],"class_list":{"0":"post-429","1":"product","2":"type-product","3":"status-publish","4":"has-post-thumbnail","6":"product_cat-autos-und-fahrzeuge","7":"product_cat-bekleidung-und-zubehoer","8":"product_cat-immobilien-heim-und-garten","9":"product_cat-unterhaltung-freizeit-und-kultur","10":"product_cat-essen-und-trinken","11":"product_cat-sport-veranstaltungen-hobbies","12":"product_cat-gesundheit-und-wellness","13":"product_cat-buero-und-bueroeinrichtung","15":"first","16":"instock","17":"taxable","18":"shipping-taxable","19":"purchasable","20":"product-type-simple"},"_links":{"self":[{"href":"https:\/\/actionmall.act.at\/shop\/2824\/wp-json\/wp\/v2\/product\/429"}],"collection":[{"href":"https:\/\/actionmall.act.at\/shop\/2824\/wp-json\/wp\/v2\/product"}],"about":[{"href":"https:\/\/actionmall.act.at\/shop\/2824\/wp-json\/wp\/v2\/types\/product"}],"wp:featuredmedia":[{"embeddable":true,"href":"https:\/\/actionmall.act.at\/shop\/2824\/wp-json\/wp\/v2\/media\/335"}],"wp:attachment":[{"href":"https:\/\/actionmall.act.at\/shop\/2824\/wp-json\/wp\/v2\/media?parent=429"}],"wp:term":[{"taxonomy":"product_cat","embeddable":true,"href":"https:\/\/actionmall.act.at\/shop\/2824\/wp-json\/wp\/v2\/product_cat?post=429"},{"taxonomy":"product_tag","embeddable":true,"href":"https:\/\/actionmall.act.at\/shop\/2824\/wp-json\/wp\/v2\/product_tag?post=429"}],"curies":[{"name":"wp","href":"https:\/\/api.w.org\/{rel}","templated":true}]}}