{"id":452,"date":"2025-12-16T15:50:21","date_gmt":"2025-12-16T14:50:21","guid":{"rendered":"https:\/\/actionmall.act.at\/shop\/2824\/?post_type=product&#038;p=452"},"modified":"2026-01-29T00:28:21","modified_gmt":"2026-01-28T23:28:21","slug":"schnee-roller","status":"publish","type":"product","link":"https:\/\/actionmall.act.at\/shop\/2824\/produkt\/schnee-roller\/","title":{"rendered":"Schnee Roller"},"content":{"rendered":"<p>Du bist auch gern im Winter drau\u00dfen und hast Spa\u00df mit Freunden? Ja. Dann ist dieser moderne Schnee Roller genau das richtige f\u00fcr dich. Robust, sieht gut aus, schnell und g\u00fcnstig. Jetzt zuschlagen und nicht bereuen.<\/p>\n","protected":false},"excerpt":{"rendered":"<p>Du bist auch gern im Winter drau\u00dfen und hast Spa\u00df mit Freunden? Ja. Dann ist dieser moderne Schnee Roller genau das richtige f\u00fcr dich. Robust, sieht gut aus, schnell und g\u00fcnstig. Jetzt zuschlagen und nicht bereuen.<\/p>\n","protected":false},"featured_media":453,"template":"","meta":[],"product_cat":[],"product_tag":[],"class_list":{"0":"post-452","1":"product","2":"type-product","3":"status-publish","4":"has-post-thumbnail","7":"first","8":"instock","9":"taxable","10":"shipping-taxable","11":"purchasable","12":"product-type-simple"},"_links":{"self":[{"href":"https:\/\/actionmall.act.at\/shop\/2824\/wp-json\/wp\/v2\/product\/452"}],"collection":[{"href":"https:\/\/actionmall.act.at\/shop\/2824\/wp-json\/wp\/v2\/product"}],"about":[{"href":"https:\/\/actionmall.act.at\/shop\/2824\/wp-json\/wp\/v2\/types\/product"}],"wp:featuredmedia":[{"embeddable":true,"href":"https:\/\/actionmall.act.at\/shop\/2824\/wp-json\/wp\/v2\/media\/453"}],"wp:attachment":[{"href":"https:\/\/actionmall.act.at\/shop\/2824\/wp-json\/wp\/v2\/media?parent=452"}],"wp:term":[{"taxonomy":"product_cat","embeddable":true,"href":"https:\/\/actionmall.act.at\/shop\/2824\/wp-json\/wp\/v2\/product_cat?post=452"},{"taxonomy":"product_tag","embeddable":true,"href":"https:\/\/actionmall.act.at\/shop\/2824\/wp-json\/wp\/v2\/product_tag?post=452"}],"curies":[{"name":"wp","href":"https:\/\/api.w.org\/{rel}","templated":true}]}}