{"id":538,"date":"2026-03-24T14:53:10","date_gmt":"2026-03-24T13:53:10","guid":{"rendered":"https:\/\/actionmall.act.at\/shop\/2824\/?post_type=product&#038;p=538"},"modified":"2026-04-22T04:52:41","modified_gmt":"2026-04-22T02:52:41","slug":"fifa-26-world-cup-ball","status":"publish","type":"product","link":"https:\/\/actionmall.act.at\/shop\/2824\/produkt\/fifa-26-world-cup-ball\/","title":{"rendered":"FIFA 26 World Cup Ball"},"content":{"rendered":"<ul class=\"a-unordered-list a-vertical a-spacing-mini\">\n<li class=\"a-spacing-mini\"><span class=\"a-list-item\">Ein Trainingsball, der sein flie\u00dfendes Design dem offiziellen Fu\u00dfball des Turniers entlehnt<\/span><\/li>\n<li class=\"a-spacing-mini\"><span class=\"a-list-item\">Sport: Fu\u00dfball<\/span><\/li>\n<li class=\"a-spacing-mini\"><span class=\"a-list-item\">Marke: adidas<\/span><\/li>\n<li class=\"a-spacing-mini\"><span class=\"a-list-item\">Altersbeschreibung: ALLE<\/span><\/li>\n<li class=\"a-spacing-mini\"><span class=\"a-list-item\">Material 100% TPU (recycelt)<\/span><\/li>\n<\/ul>\n","protected":false},"excerpt":{"rendered":"<p>Ein Trainingsball, der sein flie\u00dfendes Design dem offiziellen Fu\u00dfball des Turniers entlehnt Sport: Fu\u00dfball Marke: adidas Altersbeschreibung: ALLE Material 100% TPU (recycelt)<\/p>\n","protected":false},"featured_media":539,"template":"","meta":[],"product_cat":[34,35,42,43,44,45,46,47,58,59,60,61,62,63],"product_tag":[],"class_list":{"0":"post-538","1":"product","2":"type-product","3":"status-publish","4":"has-post-thumbnail","6":"product_cat-autos-und-fahrzeuge","7":"product_cat-bekleidung-und-zubehoer","8":"product_cat-immobilien-heim-und-garten","9":"product_cat-unterhaltung-freizeit-und-kultur","10":"product_cat-essen-und-trinken","11":"product_cat-sport-veranstaltungen-hobbies","12":"product_cat-gesundheit-und-wellness","13":"product_cat-buero-und-bueroeinrichtung","14":"product_cat-it-und-elektronik","15":"product_cat-werbung-marketing-und-medien","16":"product_cat-transport-und-logistik","17":"product_cat-dienstleistungen-und-oeffentliche-versorgung","18":"product_cat-technische-infrastruktur-industrie","19":"product_cat-tourismus-und-reisen","21":"first","22":"instock","23":"taxable","24":"shipping-taxable","25":"purchasable","26":"product-type-simple"},"_links":{"self":[{"href":"https:\/\/actionmall.act.at\/shop\/2824\/wp-json\/wp\/v2\/product\/538"}],"collection":[{"href":"https:\/\/actionmall.act.at\/shop\/2824\/wp-json\/wp\/v2\/product"}],"about":[{"href":"https:\/\/actionmall.act.at\/shop\/2824\/wp-json\/wp\/v2\/types\/product"}],"wp:featuredmedia":[{"embeddable":true,"href":"https:\/\/actionmall.act.at\/shop\/2824\/wp-json\/wp\/v2\/media\/539"}],"wp:attachment":[{"href":"https:\/\/actionmall.act.at\/shop\/2824\/wp-json\/wp\/v2\/media?parent=538"}],"wp:term":[{"taxonomy":"product_cat","embeddable":true,"href":"https:\/\/actionmall.act.at\/shop\/2824\/wp-json\/wp\/v2\/product_cat?post=538"},{"taxonomy":"product_tag","embeddable":true,"href":"https:\/\/actionmall.act.at\/shop\/2824\/wp-json\/wp\/v2\/product_tag?post=538"}],"curies":[{"name":"wp","href":"https:\/\/api.w.org\/{rel}","templated":true}]}}