{"id":557,"date":"2026-04-07T15:50:31","date_gmt":"2026-04-07T13:50:31","guid":{"rendered":"https:\/\/actionmall.act.at\/shop\/2824\/?post_type=product&#038;p=557"},"modified":"2026-04-07T15:50:31","modified_gmt":"2026-04-07T13:50:31","slug":"30-tage-sixpack-kurs","status":"publish","type":"product","link":"https:\/\/actionmall.act.at\/shop\/2824\/produkt\/30-tage-sixpack-kurs\/","title":{"rendered":"30-Tage Sixpack Kurs"},"content":{"rendered":"<p>Es wird warm, alle Freunde stehen Oberk\u00f6rperfrei ihm Freibad, doch du l\u00e4sst lieber das T-Shirt an. Damit ist jetzt Schluss. Wir bieten jetzt einen 30 t\u00e4gigen Kurs an der dich garantiert n\u00e4her zu deinem Traumk\u00f6rper bringt. Dabei begleiten wir dich nicht nur mit den richtigen Trainings, sondern auch mit einem individuell angepassten Ern\u00e4hrungsplan.<\/p>\n","protected":false},"excerpt":{"rendered":"<p>Es wird warm, alle Freunde stehen Oberk\u00f6rperfrei ihm Freibad, doch du l\u00e4sst lieber das T-Shirt an. Damit ist jetzt Schluss. Wir bieten jetzt einen 30 t\u00e4gigen Kurs an der dich garantiert n\u00e4her zu deinem Traumk\u00f6rper bringt. Dabei begleiten wir dich nicht nur mit den richtigen Trainings, sondern auch mit einem individuell angepassten Ern\u00e4hrungsplan.<\/p>\n","protected":false},"featured_media":558,"template":"","meta":[],"product_cat":[44,45,46,61],"product_tag":[],"class_list":{"0":"post-557","1":"product","2":"type-product","3":"status-publish","4":"has-post-thumbnail","6":"product_cat-essen-und-trinken","7":"product_cat-sport-veranstaltungen-hobbies","8":"product_cat-gesundheit-und-wellness","9":"product_cat-dienstleistungen-und-oeffentliche-versorgung","11":"first","12":"instock","13":"sale","14":"taxable","15":"shipping-taxable","16":"purchasable","17":"product-type-simple"},"_links":{"self":[{"href":"https:\/\/actionmall.act.at\/shop\/2824\/wp-json\/wp\/v2\/product\/557"}],"collection":[{"href":"https:\/\/actionmall.act.at\/shop\/2824\/wp-json\/wp\/v2\/product"}],"about":[{"href":"https:\/\/actionmall.act.at\/shop\/2824\/wp-json\/wp\/v2\/types\/product"}],"wp:featuredmedia":[{"embeddable":true,"href":"https:\/\/actionmall.act.at\/shop\/2824\/wp-json\/wp\/v2\/media\/558"}],"wp:attachment":[{"href":"https:\/\/actionmall.act.at\/shop\/2824\/wp-json\/wp\/v2\/media?parent=557"}],"wp:term":[{"taxonomy":"product_cat","embeddable":true,"href":"https:\/\/actionmall.act.at\/shop\/2824\/wp-json\/wp\/v2\/product_cat?post=557"},{"taxonomy":"product_tag","embeddable":true,"href":"https:\/\/actionmall.act.at\/shop\/2824\/wp-json\/wp\/v2\/product_tag?post=557"}],"curies":[{"name":"wp","href":"https:\/\/api.w.org\/{rel}","templated":true}]}}