{"id":459,"date":"2024-11-13T16:27:53","date_gmt":"2024-11-13T15:27:53","guid":{"rendered":"https:\/\/actionmall.act.at\/shop\/2852\/?post_type=product&#038;p=459"},"modified":"2026-01-14T13:35:57","modified_gmt":"2026-01-14T12:35:57","slug":"winter-damenhose-e-s-vision","status":"publish","type":"product","link":"https:\/\/actionmall.act.at\/shop\/2852\/en\/produkt\/winter-damenhose-e-s-vision\/","title":{"rendered":"Winter- Damenhose e.s. vision"},"content":{"rendered":"<p>Hersteller: Engelbert Strauss GmbH<\/p>\n<ul>\n<li>nachhaltige Stoffmischung aus RE\/WEAR TC\u00ae,<br \/>\nperfekter<\/li>\n<li>Mix aus nat\u00fcrlicher Baumwolle und Polyester<\/li>\n<li>schlichte und schlanke Optik<\/li>\n<li>hohe Bewegungsfreiheit<\/li>\n<li>2 Schubtaschen , 2 Ges\u00e4\u00dftaschen&#038; ger\u00e4umige<br \/>\nSchenkeltasche links<\/li>\n<li>optimaler W\u00e4rmer\u00fcckhalt dank weicher Fleece<br \/>\nF\u00fctterung<\/li>\n<\/ul>\n<p>Erh\u00e4ltliche Farbe: schwarz, kornblau\/schwarz, gr\u00fcn\/schwarz, rot\/ schwarz<\/p>\n","protected":false},"excerpt":{"rendered":"<p>Hersteller: Engelbert Strauss GmbH nachhaltige Stoffmischung aus RE\/WEAR TC\u00ae, perfekter Mix aus nat\u00fcrlicher Baumwolle und Polyester schlichte und schlanke Optik hohe Bewegungsfreiheit 2 Schubtaschen , 2 Ges\u00e4\u00dftaschen&#038; ger\u00e4umige Schenkeltasche links optimaler W\u00e4rmer\u00fcckhalt dank weicher Fleece F\u00fctterung Erh\u00e4ltliche Farbe: schwarz, kornblau\/schwarz, gr\u00fcn\/schwarz, rot\/ schwarz<\/p>\n","protected":false},"featured_media":460,"template":"","meta":[],"product_cat":[],"product_tag":[],"class_list":{"0":"post-459","1":"product","2":"type-product","3":"status-publish","4":"has-post-thumbnail","7":"first","8":"instock","9":"taxable","10":"shipping-taxable","11":"purchasable","12":"product-type-simple"},"_links":{"self":[{"href":"https:\/\/actionmall.act.at\/shop\/2852\/en\/wp-json\/wp\/v2\/product\/459"}],"collection":[{"href":"https:\/\/actionmall.act.at\/shop\/2852\/en\/wp-json\/wp\/v2\/product"}],"about":[{"href":"https:\/\/actionmall.act.at\/shop\/2852\/en\/wp-json\/wp\/v2\/types\/product"}],"wp:featuredmedia":[{"embeddable":true,"href":"https:\/\/actionmall.act.at\/shop\/2852\/en\/wp-json\/wp\/v2\/media\/460"}],"wp:attachment":[{"href":"https:\/\/actionmall.act.at\/shop\/2852\/en\/wp-json\/wp\/v2\/media?parent=459"}],"wp:term":[{"taxonomy":"product_cat","embeddable":true,"href":"https:\/\/actionmall.act.at\/shop\/2852\/en\/wp-json\/wp\/v2\/product_cat?post=459"},{"taxonomy":"product_tag","embeddable":true,"href":"https:\/\/actionmall.act.at\/shop\/2852\/en\/wp-json\/wp\/v2\/product_tag?post=459"}],"curies":[{"name":"wp","href":"https:\/\/api.w.org\/{rel}","templated":true}]}}