{"id":462,"date":"2024-11-13T16:33:35","date_gmt":"2024-11-13T15:33:35","guid":{"rendered":"https:\/\/actionmall.act.at\/shop\/2852\/?post_type=product&#038;p=462"},"modified":"2026-01-14T13:35:42","modified_gmt":"2026-01-14T12:35:42","slug":"winter-cargohose-e-s-vision-stretch-herren","status":"publish","type":"product","link":"https:\/\/actionmall.act.at\/shop\/2852\/en\/produkt\/winter-cargohose-e-s-vision-stretch-herren\/","title":{"rendered":"Winter Cargohose e.s. vision stretch Herren"},"content":{"rendered":"<p>Hersteller: Engelbert Strauss GmbH<\/p>\n<ul>\n<li>w\u00e4rmendes Fleece-Innenfutter<\/li>\n<li>schlichte und schlanke Optik<\/li>\n<li>h\u00f6chster Tragekomfort durch 4-Wege-Stretch<br \/>\nbXeric\u00ae mit robustem CORDURA\u00ae<\/li>\n<li>zus\u00e4tzlich gesteigerte Bewegungsfreiheit durch<br \/>\nStretch-Eins\u00e4tze<\/li>\n<li>2 Ges\u00e4\u00df- und 2 Schubtaschen<\/li>\n<li>2 ger\u00e4umige Schenkeltaschen mit aufgesetzten<\/li>\n<li>Rei\u00dfverschlusstaschen<\/li>\n<\/ul>\n<p>Erh\u00e4ltliche Farbe: schwarz<\/p>\n","protected":false},"excerpt":{"rendered":"<p>Hersteller: Engelbert Strauss GmbH w\u00e4rmendes Fleece-Innenfutter schlichte und schlanke Optik h\u00f6chster Tragekomfort durch 4-Wege-Stretch bXeric\u00ae mit robustem CORDURA\u00ae zus\u00e4tzlich gesteigerte Bewegungsfreiheit durch Stretch-Eins\u00e4tze 2 Ges\u00e4\u00df- und 2 Schubtaschen 2 ger\u00e4umige Schenkeltaschen mit aufgesetzten Rei\u00dfverschlusstaschen Erh\u00e4ltliche Farbe: schwarz<\/p>\n","protected":false},"featured_media":463,"template":"","meta":[],"product_cat":[],"product_tag":[],"class_list":{"0":"post-462","1":"product","2":"type-product","3":"status-publish","4":"has-post-thumbnail","7":"first","8":"instock","9":"taxable","10":"shipping-taxable","11":"purchasable","12":"product-type-simple"},"_links":{"self":[{"href":"https:\/\/actionmall.act.at\/shop\/2852\/en\/wp-json\/wp\/v2\/product\/462"}],"collection":[{"href":"https:\/\/actionmall.act.at\/shop\/2852\/en\/wp-json\/wp\/v2\/product"}],"about":[{"href":"https:\/\/actionmall.act.at\/shop\/2852\/en\/wp-json\/wp\/v2\/types\/product"}],"wp:featuredmedia":[{"embeddable":true,"href":"https:\/\/actionmall.act.at\/shop\/2852\/en\/wp-json\/wp\/v2\/media\/463"}],"wp:attachment":[{"href":"https:\/\/actionmall.act.at\/shop\/2852\/en\/wp-json\/wp\/v2\/media?parent=462"}],"wp:term":[{"taxonomy":"product_cat","embeddable":true,"href":"https:\/\/actionmall.act.at\/shop\/2852\/en\/wp-json\/wp\/v2\/product_cat?post=462"},{"taxonomy":"product_tag","embeddable":true,"href":"https:\/\/actionmall.act.at\/shop\/2852\/en\/wp-json\/wp\/v2\/product_tag?post=462"}],"curies":[{"name":"wp","href":"https:\/\/api.w.org\/{rel}","templated":true}]}}