{"id":466,"date":"2024-11-13T16:42:19","date_gmt":"2024-11-13T15:42:19","guid":{"rendered":"https:\/\/actionmall.act.at\/shop\/2852\/?post_type=product&#038;p=466"},"modified":"2026-01-14T13:35:11","modified_gmt":"2026-01-14T12:35:11","slug":"winter-softshelljacke-e-s-vision-herren","status":"publish","type":"product","link":"https:\/\/actionmall.act.at\/shop\/2852\/en\/produkt\/winter-softshelljacke-e-s-vision-herren\/","title":{"rendered":"Winter Softshelljacke e.s. vision, Herren"},"content":{"rendered":"<p>Hersteller: Engelbert Strauss Gmbh<\/p>\n<ul>\n<li>wasserabweisend, winddicht und atmungsaktiv<\/li>\n<li>extreme W\u00e4rmeisolation durch ISOFILL\u00ae 300<br \/>\nInnenfutter<\/li>\n<li>2 Schubtaschen und innenliegende Brusttasche<br \/>\njeweils mit Rei\u00dfverschluss<\/li>\n<li>\u00c4rmeltasche mit Stiftef\u00e4chern<\/li>\n<li>2 Innentaschen, eine mit Rei\u00dfverschluss<\/li>\n<\/ul>\n<p>Erh\u00e4ltliche Farben: schwarz, lehm\/schwarz, zement\/schwarz,<\/p>\n","protected":false},"excerpt":{"rendered":"<p>Hersteller: Engelbert Strauss Gmbh wasserabweisend, winddicht und atmungsaktiv extreme W\u00e4rmeisolation durch ISOFILL\u00ae 300 Innenfutter 2 Schubtaschen und innenliegende Brusttasche jeweils mit Rei\u00dfverschluss \u00c4rmeltasche mit Stiftef\u00e4chern 2 Innentaschen, eine mit Rei\u00dfverschluss Erh\u00e4ltliche Farben: schwarz, lehm\/schwarz, zement\/schwarz,<\/p>\n","protected":false},"featured_media":467,"template":"","meta":[],"product_cat":[],"product_tag":[],"class_list":{"0":"post-466","1":"product","2":"type-product","3":"status-publish","4":"has-post-thumbnail","7":"first","8":"instock","9":"taxable","10":"shipping-taxable","11":"purchasable","12":"product-type-simple"},"_links":{"self":[{"href":"https:\/\/actionmall.act.at\/shop\/2852\/en\/wp-json\/wp\/v2\/product\/466"}],"collection":[{"href":"https:\/\/actionmall.act.at\/shop\/2852\/en\/wp-json\/wp\/v2\/product"}],"about":[{"href":"https:\/\/actionmall.act.at\/shop\/2852\/en\/wp-json\/wp\/v2\/types\/product"}],"wp:featuredmedia":[{"embeddable":true,"href":"https:\/\/actionmall.act.at\/shop\/2852\/en\/wp-json\/wp\/v2\/media\/467"}],"wp:attachment":[{"href":"https:\/\/actionmall.act.at\/shop\/2852\/en\/wp-json\/wp\/v2\/media?parent=466"}],"wp:term":[{"taxonomy":"product_cat","embeddable":true,"href":"https:\/\/actionmall.act.at\/shop\/2852\/en\/wp-json\/wp\/v2\/product_cat?post=466"},{"taxonomy":"product_tag","embeddable":true,"href":"https:\/\/actionmall.act.at\/shop\/2852\/en\/wp-json\/wp\/v2\/product_tag?post=466"}],"curies":[{"name":"wp","href":"https:\/\/api.w.org\/{rel}","templated":true}]}}