{"id":470,"date":"2024-12-04T15:38:18","date_gmt":"2024-12-04T14:38:18","guid":{"rendered":"https:\/\/actionmall.act.at\/shop\/2852\/?post_type=product&#038;p=470"},"modified":"2026-01-14T13:34:42","modified_gmt":"2026-01-14T12:34:42","slug":"s3-sicherheitsschuhe-e-s-okomu-mid","status":"publish","type":"product","link":"https:\/\/actionmall.act.at\/shop\/2852\/en\/produkt\/s3-sicherheitsschuhe-e-s-okomu-mid\/","title":{"rendered":"S3 Sicherheitsschuhe e.s. Okomu mid"},"content":{"rendered":"<ul>\n<li>\n<div class=\"pdp-bullet_text\" data-testid=\"bullet_text\">\n<div class=\"pdp-richtext_root\" data-testid=\"richtext_root\">\n<ul class=\"pdp-richtext_list\" data-testid=\"ul_type_elm\">\n<li class=\"pdp-richtext_bullet pdp-richtext_line pdp-richtext_line_bold\" data-testid=\"li_type_elm\">EN ISO 20345:2011 S3 mit Stahlkappe und Stahlsohle<\/li>\n<li class=\"pdp-richtext_bullet\" data-testid=\"li_type_elm\"><span class=\"pdp-richtext_bullet pdp-richtext_line pdp-richtext_line_bold\" data-testid=\"span_type_elm\">BOA<\/span><span class=\"pdp-richtext_bullet pdp-richtext_line pdp-richtext_line_bold pdp-richtext_line_superscript\" data-testid=\"span_type_elm\">\u00ae<\/span><span class=\"pdp-richtext_bullet pdp-richtext_line pdp-richtext_line_bold\" data-testid=\"span_type_elm\">\u00a0Fit System f\u00fcr eine fein-einstellbare, pr\u00e4zise Passform<\/span><\/li>\n<li class=\"pdp-richtext_bullet\" data-testid=\"li_type_elm\"><span class=\"pdp-richtext_bullet pdp-richtext_line\" data-testid=\"span_type_elm\">wasserdicht, winddicht und atmungsaktiv durch dryplexx<\/span><span class=\"pdp-richtext_bullet pdp-richtext_line pdp-richtext_line_superscript\" data-testid=\"span_type_elm\">\u00ae<\/span><span class=\"pdp-richtext_bullet pdp-richtext_line\" data-testid=\"span_type_elm\">-Membrane<\/span><\/li>\n<li class=\"pdp-richtext_bullet\" data-testid=\"li_type_elm\"><span class=\"pdp-richtext_bullet pdp-richtext_line\" data-testid=\"span_type_elm\">Obermaterial aus einer robusten CORDURA<\/span><span class=\"pdp-richtext_bullet pdp-richtext_line pdp-richtext_line_superscript\" data-testid=\"span_type_elm\">\u00ae<\/span><span class=\"pdp-richtext_bullet pdp-richtext_line\" data-testid=\"span_type_elm\">-Mikrofaser-Kombination<\/span><\/li>\n<li class=\"pdp-richtext_bullet pdp-richtext_line\" data-testid=\"li_type_elm\">atmungsaktives Mesh-Innenfutter<\/li>\n<li class=\"pdp-richtext_bullet pdp-richtext_line\" data-testid=\"li_type_elm\">lederfreie Ausstattung<\/li>\n<li class=\"pdp-richtext_bullet pdp-richtext_line\" data-testid=\"li_type_elm\">kein Eindringen von Schmutz dank geschlossener Laschenkonstruktion<\/li>\n<li class=\"pdp-richtext_bullet pdp-richtext_line\" data-testid=\"li_type_elm\">ganzfl\u00e4chige, anatomisch geformte und herausnehmbare Einlegesohle<\/li>\n<li class=\"pdp-richtext_bullet pdp-richtext_line\" data-testid=\"li_type_elm\">ideal auch f\u00fcr Einlagentr\u00e4ger, zertifiziert nach DGUV-Regel 112 &#8211; 191 (BGR 191) \/ \u00d6Norm Z 1259, zus\u00e4tzlich orthop\u00e4dische Zurichtung (Sohlenerh\u00f6hungen) m\u00f6glich<\/li>\n<li class=\"pdp-richtext_bullet\" data-testid=\"li_type_elm\"><span class=\"pdp-richtext_bullet pdp-richtext_line\" data-testid=\"span_type_elm\">biocage<\/span><span class=\"pdp-richtext_bullet pdp-richtext_line pdp-richtext_line_superscript\" data-testid=\"span_type_elm\">\u00ae<\/span><span class=\"pdp-richtext_bullet pdp-richtext_line\" data-testid=\"span_type_elm\">\u00a0Zwischensohle f\u00fcr beste Flexibilit\u00e4t, Stabilit\u00e4t und D\u00e4mpfung<\/span><\/li>\n<li class=\"pdp-richtext_bullet pdp-richtext_line\" data-testid=\"li_type_elm\">flexibles, hochgezogenes Sohlengitter sch\u00fctzt zus\u00e4tzlich vor Abnutzung und St\u00f6\u00dfen<\/li>\n<li class=\"pdp-richtext_bullet pdp-richtext_line\" data-testid=\"li_type_elm\">abriebfeste, griffige Gummi\/PUR-Sohle mit selbstreinigendem Profil und nach SRC, antistatisch, kraftstoffbest\u00e4ndig und hitzebest\u00e4ndig bis ca. 200 \u00b0C<\/li>\n<\/ul>\n<\/div>\n<\/div>\n<div class=\"pdp-shoeWeights\" data-testid=\"shoeWeights\">\n<div class=\"pdp-shoeWeight\" data-testid=\"shoeWeight\"><span class=\"pdp-sw_property\">Gewicht: ca.<\/span><span class=\"pdp-sw_property\">830<\/span><span class=\"pdp-sw_property\">Gramm bei Gr\u00f6\u00dfe<\/span><span class=\"pdp-sw_property\">44<\/span><\/div>\n<\/div>\n<\/li>\n<\/ul>\n","protected":false},"excerpt":{"rendered":"<p>EN ISO 20345:2011 S3 mit Stahlkappe und Stahlsohle BOA\u00ae\u00a0Fit System f\u00fcr eine fein-einstellbare, pr\u00e4zise Passform wasserdicht, winddicht und atmungsaktiv durch dryplexx\u00ae-Membrane Obermaterial aus einer robusten CORDURA\u00ae-Mikrofaser-Kombination atmungsaktives Mesh-Innenfutter lederfreie Ausstattung kein Eindringen von Schmutz dank geschlossener Laschenkonstruktion ganzfl\u00e4chige, anatomisch geformte und herausnehmbare Einlegesohle ideal auch f\u00fcr Einlagentr\u00e4ger, zertifiziert nach DGUV-Regel 112 &#8211; 191 (BGR 191) [&hellip;]<\/p>\n","protected":false},"featured_media":506,"template":"","meta":[],"product_cat":[],"product_tag":[],"class_list":{"0":"post-470","1":"product","2":"type-product","3":"status-publish","4":"has-post-thumbnail","7":"first","8":"instock","9":"taxable","10":"shipping-taxable","11":"purchasable","12":"product-type-simple"},"_links":{"self":[{"href":"https:\/\/actionmall.act.at\/shop\/2852\/en\/wp-json\/wp\/v2\/product\/470"}],"collection":[{"href":"https:\/\/actionmall.act.at\/shop\/2852\/en\/wp-json\/wp\/v2\/product"}],"about":[{"href":"https:\/\/actionmall.act.at\/shop\/2852\/en\/wp-json\/wp\/v2\/types\/product"}],"wp:featuredmedia":[{"embeddable":true,"href":"https:\/\/actionmall.act.at\/shop\/2852\/en\/wp-json\/wp\/v2\/media\/506"}],"wp:attachment":[{"href":"https:\/\/actionmall.act.at\/shop\/2852\/en\/wp-json\/wp\/v2\/media?parent=470"}],"wp:term":[{"taxonomy":"product_cat","embeddable":true,"href":"https:\/\/actionmall.act.at\/shop\/2852\/en\/wp-json\/wp\/v2\/product_cat?post=470"},{"taxonomy":"product_tag","embeddable":true,"href":"https:\/\/actionmall.act.at\/shop\/2852\/en\/wp-json\/wp\/v2\/product_tag?post=470"}],"curies":[{"name":"wp","href":"https:\/\/api.w.org\/{rel}","templated":true}]}}