{"id":488,"date":"2025-05-07T15:54:56","date_gmt":"2025-05-07T13:54:56","guid":{"rendered":"https:\/\/actionmall.act.at\/shop\/2852\/?post_type=product&#038;p=488"},"modified":"2026-01-14T13:34:12","modified_gmt":"2026-01-14T12:34:12","slug":"bundhose-e-s-motion-2020","status":"publish","type":"product","link":"https:\/\/actionmall.act.at\/shop\/2852\/en\/produkt\/bundhose-e-s-motion-2020\/","title":{"rendered":"Bundhose E.S. Motion 2020"},"content":{"rendered":"<p>Hersteller: Engelbert Strauss GmbH<\/p>\n<ul>\n<li>ergonomische Schnittf\u00fchrung mit sportlich moderner Sillhouette<\/li>\n<li>seitlich dehnbarer Flexbelt\u00ae-Bund, innen soft aufgeraut<\/li>\n<li>extra stabile, 3fach Naht am Innenbein<\/li>\n<li>breite G\u00fcrtelschlaufen mit Klett f\u00fcr Workertasche<\/li>\n<li>2 Schub- und 2 mit CORDURA\u00ae verst\u00e4rkte Ges\u00e4\u00dftaschen<\/li>\n<li>verst\u00e4rkte, funktionelle Zollstocktasche und vielseitige Schenkeltasche und vielseitige Schenkeltasche<\/li>\n<li>beidseitige Rei\u00dfverschlussbel\u00fcftungen an den Oberschenkeln hinten<\/li>\n<li>Kniepoltertaschen oben mit Klettverschluss<\/li>\n<li>Kniepartie aus robustem CORDURA\u00ae<\/li>\n<li>dezente Reflektoren<\/li>\n<\/ul>\n<p>Farbe: Schwarz\/Warngelb; Kastanie\/Seegr\u00fcn; Platin\/Seeblau<\/p>\n","protected":false},"excerpt":{"rendered":"<p>Hersteller: Engelbert Strauss GmbH ergonomische Schnittf\u00fchrung mit sportlich moderner Sillhouette seitlich dehnbarer Flexbelt\u00ae-Bund, innen soft aufgeraut extra stabile, 3fach Naht am Innenbein breite G\u00fcrtelschlaufen mit Klett f\u00fcr Workertasche 2 Schub- und 2 mit CORDURA\u00ae verst\u00e4rkte Ges\u00e4\u00dftaschen verst\u00e4rkte, funktionelle Zollstocktasche und vielseitige Schenkeltasche und vielseitige Schenkeltasche beidseitige Rei\u00dfverschlussbel\u00fcftungen an den Oberschenkeln hinten Kniepoltertaschen oben mit Klettverschluss [&hellip;]<\/p>\n","protected":false},"featured_media":489,"template":"","meta":[],"product_cat":[],"product_tag":[],"class_list":{"0":"post-488","1":"product","2":"type-product","3":"status-publish","4":"has-post-thumbnail","7":"first","8":"instock","9":"taxable","10":"shipping-taxable","11":"purchasable","12":"product-type-simple"},"_links":{"self":[{"href":"https:\/\/actionmall.act.at\/shop\/2852\/en\/wp-json\/wp\/v2\/product\/488"}],"collection":[{"href":"https:\/\/actionmall.act.at\/shop\/2852\/en\/wp-json\/wp\/v2\/product"}],"about":[{"href":"https:\/\/actionmall.act.at\/shop\/2852\/en\/wp-json\/wp\/v2\/types\/product"}],"wp:featuredmedia":[{"embeddable":true,"href":"https:\/\/actionmall.act.at\/shop\/2852\/en\/wp-json\/wp\/v2\/media\/489"}],"wp:attachment":[{"href":"https:\/\/actionmall.act.at\/shop\/2852\/en\/wp-json\/wp\/v2\/media?parent=488"}],"wp:term":[{"taxonomy":"product_cat","embeddable":true,"href":"https:\/\/actionmall.act.at\/shop\/2852\/en\/wp-json\/wp\/v2\/product_cat?post=488"},{"taxonomy":"product_tag","embeddable":true,"href":"https:\/\/actionmall.act.at\/shop\/2852\/en\/wp-json\/wp\/v2\/product_tag?post=488"}],"curies":[{"name":"wp","href":"https:\/\/api.w.org\/{rel}","templated":true}]}}