{"id":464,"date":"2024-11-13T16:38:14","date_gmt":"2024-11-13T15:38:14","guid":{"rendered":"https:\/\/actionmall.act.at\/shop\/2852\/?post_type=product&#038;p=464"},"modified":"2026-01-14T13:35:27","modified_gmt":"2026-01-14T12:35:27","slug":"winter-damenjacke-e-s-motion-ten","status":"publish","type":"product","link":"https:\/\/actionmall.act.at\/shop\/2852\/produkt\/winter-damenjacke-e-s-motion-ten\/","title":{"rendered":"Winter- Damenjacke e.s. motion ten"},"content":{"rendered":"<p>Hersteller: Engelbert Strauss GmbH<\/p>\n<ul>\n<li>warmes, weiches Faserpelz-Innenfutter<\/li>\n<li>coole Stepp-Optik und Materialkombination auf<br \/>\nVorder-und R\u00fcckseite<\/li>\n<li>w\u00e4rmend, atmungsaktiv und wasserabweisend<\/li>\n<li>abnehmbare,<br \/>\nFaserpelz gef\u00fctterte Kapuze<\/li>\n<li>innenliegende Brusttasche und 2 Schubtaschen,<br \/>\nalle mit Rei\u00dfverschluss<\/li>\n<\/ul>\n<p>Erh\u00e4ltliche Farbe: oxidschwarz, granit, tangr\u00fcn, schieferblau<\/p>\n","protected":false},"excerpt":{"rendered":"<p>Hersteller: Engelbert Strauss GmbH warmes, weiches Faserpelz-Innenfutter coole Stepp-Optik und Materialkombination auf Vorder-und R\u00fcckseite w\u00e4rmend, atmungsaktiv und wasserabweisend abnehmbare, Faserpelz gef\u00fctterte Kapuze innenliegende Brusttasche und 2 Schubtaschen, alle mit Rei\u00dfverschluss Erh\u00e4ltliche Farbe: oxidschwarz, granit, tangr\u00fcn, schieferblau<\/p>\n","protected":false},"featured_media":465,"template":"","meta":[],"product_cat":[],"product_tag":[],"class_list":{"0":"post-464","1":"product","2":"type-product","3":"status-publish","4":"has-post-thumbnail","7":"first","8":"instock","9":"taxable","10":"shipping-taxable","11":"purchasable","12":"product-type-simple"},"_links":{"self":[{"href":"https:\/\/actionmall.act.at\/shop\/2852\/wp-json\/wp\/v2\/product\/464"}],"collection":[{"href":"https:\/\/actionmall.act.at\/shop\/2852\/wp-json\/wp\/v2\/product"}],"about":[{"href":"https:\/\/actionmall.act.at\/shop\/2852\/wp-json\/wp\/v2\/types\/product"}],"wp:featuredmedia":[{"embeddable":true,"href":"https:\/\/actionmall.act.at\/shop\/2852\/wp-json\/wp\/v2\/media\/465"}],"wp:attachment":[{"href":"https:\/\/actionmall.act.at\/shop\/2852\/wp-json\/wp\/v2\/media?parent=464"}],"wp:term":[{"taxonomy":"product_cat","embeddable":true,"href":"https:\/\/actionmall.act.at\/shop\/2852\/wp-json\/wp\/v2\/product_cat?post=464"},{"taxonomy":"product_tag","embeddable":true,"href":"https:\/\/actionmall.act.at\/shop\/2852\/wp-json\/wp\/v2\/product_tag?post=464"}],"curies":[{"name":"wp","href":"https:\/\/api.w.org\/{rel}","templated":true}]}}