{"id":490,"date":"2025-05-07T15:58:10","date_gmt":"2025-05-07T13:58:10","guid":{"rendered":"https:\/\/actionmall.act.at\/shop\/2852\/?post_type=product&#038;p=490"},"modified":"2026-01-14T13:33:56","modified_gmt":"2026-01-14T12:33:56","slug":"short-e-s-motion-2020","status":"publish","type":"product","link":"https:\/\/actionmall.act.at\/shop\/2852\/produkt\/short-e-s-motion-2020\/","title":{"rendered":"Short E.S. Motion 2020"},"content":{"rendered":"<p>Hersteller: Engelbert Strauss GmbH<\/p>\n<ul>\n<li>ergonomische Schnittf\u00fchrung mit sportlich moderner Silhouette<\/li>\n<li>seitlich dehnbarer Flexbelt\u00ae_Bund, innen soft aufgeraut<\/li>\n<li>extra stabile, 3fach Naht am Innenbein<\/li>\n<li>breite G\u00fcrtelschlaufen mit Klett f\u00fcr Workweartasche<\/li>\n<li>2 Schub- und 2 mit CORDURA\u00ae verst\u00e4rkte Ges\u00e4\u00dftaschen<\/li>\n<li>verst\u00e4rkte, funktionale Zollstocktasche und vielseitige Schenkeltasche<\/li>\n<\/ul>\n<p>Farbe Schwarz\/Warngelb\/Warnoragne; Kastanie\/Seegr\u00fcn<\/p>\n","protected":false},"excerpt":{"rendered":"<p>Hersteller: Engelbert Strauss GmbH ergonomische Schnittf\u00fchrung mit sportlich moderner Silhouette seitlich dehnbarer Flexbelt\u00ae_Bund, innen soft aufgeraut extra stabile, 3fach Naht am Innenbein breite G\u00fcrtelschlaufen mit Klett f\u00fcr Workweartasche 2 Schub- und 2 mit CORDURA\u00ae verst\u00e4rkte Ges\u00e4\u00dftaschen verst\u00e4rkte, funktionale Zollstocktasche und vielseitige Schenkeltasche Farbe Schwarz\/Warngelb\/Warnoragne; Kastanie\/Seegr\u00fcn<\/p>\n","protected":false},"featured_media":496,"template":"","meta":[],"product_cat":[],"product_tag":[],"class_list":{"0":"post-490","1":"product","2":"type-product","3":"status-publish","4":"has-post-thumbnail","7":"first","8":"instock","9":"taxable","10":"shipping-taxable","11":"purchasable","12":"product-type-simple"},"_links":{"self":[{"href":"https:\/\/actionmall.act.at\/shop\/2852\/wp-json\/wp\/v2\/product\/490"}],"collection":[{"href":"https:\/\/actionmall.act.at\/shop\/2852\/wp-json\/wp\/v2\/product"}],"about":[{"href":"https:\/\/actionmall.act.at\/shop\/2852\/wp-json\/wp\/v2\/types\/product"}],"wp:featuredmedia":[{"embeddable":true,"href":"https:\/\/actionmall.act.at\/shop\/2852\/wp-json\/wp\/v2\/media\/496"}],"wp:attachment":[{"href":"https:\/\/actionmall.act.at\/shop\/2852\/wp-json\/wp\/v2\/media?parent=490"}],"wp:term":[{"taxonomy":"product_cat","embeddable":true,"href":"https:\/\/actionmall.act.at\/shop\/2852\/wp-json\/wp\/v2\/product_cat?post=490"},{"taxonomy":"product_tag","embeddable":true,"href":"https:\/\/actionmall.act.at\/shop\/2852\/wp-json\/wp\/v2\/product_tag?post=490"}],"curies":[{"name":"wp","href":"https:\/\/api.w.org\/{rel}","templated":true}]}}