{"id":558,"date":"2026-04-08T13:56:29","date_gmt":"2026-04-08T11:56:29","guid":{"rendered":"https:\/\/actionmall.act.at\/shop\/2852\/?post_type=product&#038;p=558"},"modified":"2026-04-08T14:01:22","modified_gmt":"2026-04-08T12:01:22","slug":"maibaum-t-shirt","status":"publish","type":"product","link":"https:\/\/actionmall.act.at\/shop\/2852\/produkt\/maibaum-t-shirt\/","title":{"rendered":"Maibaum T-Shirt 2026 \u2013 Limitierte Edition"},"content":{"rendered":"<p><strong>KAB Maibaum T-Shirt 2026 \u2013 Limitierte Edition<\/strong><\/p>\n<p>Unser offizielles <strong>KAB Maibaum T-Shirt 2026<\/strong> ist mehr als nur ein Shirt \u2013 es ist ein Zeichen daf\u00fcr, dass du zur Crew geh\u00f6rst.<br \/>\nDieses Design ist <strong>streng limitiert<\/strong> und nur f\u00fcr kurze Zeit erh\u00e4ltlich.<\/p>\n<p>Auf der R\u00fcckseite sorgt ein gro\u00dfer, markanter Print mit <strong>\u201eMAIBAUM CREW\u201c<\/strong>, Maibaum-Motiv und <strong>\u201eKAB 2026\u201c<\/strong> f\u00fcr einen starken Auftritt. Vorne bleibt das Shirt schlicht und clean \u2013 perfekt f\u00fcr jeden Anlass.<\/p>\n<p>Ob beim Maibaum-Aufstellen oder beim Feiern danach \u2013 dieses Shirt ist immer die richtige Wahl.<\/p>\n<p><strong>Details:<\/strong><\/p>\n<ul>\n<li>\ud83d\udd25 Limitierte Auflage (nur solange der Vorrat reicht)<\/li>\n<li>Hochwertiger R\u00fcckenprint<\/li>\n<li>Moderner, auff\u00e4lliger Look<\/li>\n<li>Angenehmer Tragekomfort<\/li>\n<\/ul>\n<p><strong>Sicher dir dein Shirt, bevor es weg ist \u2013 KAB 2026 \ud83c\udf33\ud83c\udf7b<\/strong><\/p>\n","protected":false},"excerpt":{"rendered":"<p>KAB Maibaum T-Shirt 2026 \u2013 Limitierte Edition Unser offizielles KAB Maibaum T-Shirt 2026 ist mehr als nur ein Shirt \u2013 es ist ein Zeichen daf\u00fcr, dass du zur Crew geh\u00f6rst. Dieses Design ist streng limitiert und nur f\u00fcr kurze Zeit erh\u00e4ltlich. Auf der R\u00fcckseite sorgt ein gro\u00dfer, markanter Print mit \u201eMAIBAUM CREW\u201c, Maibaum-Motiv und \u201eKAB [&hellip;]<\/p>\n","protected":false},"featured_media":559,"template":"","meta":[],"product_cat":[34],"product_tag":[],"class_list":{"0":"post-558","1":"product","2":"type-product","3":"status-publish","4":"has-post-thumbnail","6":"product_cat-autos-und-fahrzeuge","8":"first","9":"instock","10":"taxable","11":"shipping-taxable","12":"purchasable","13":"product-type-simple"},"_links":{"self":[{"href":"https:\/\/actionmall.act.at\/shop\/2852\/wp-json\/wp\/v2\/product\/558"}],"collection":[{"href":"https:\/\/actionmall.act.at\/shop\/2852\/wp-json\/wp\/v2\/product"}],"about":[{"href":"https:\/\/actionmall.act.at\/shop\/2852\/wp-json\/wp\/v2\/types\/product"}],"wp:featuredmedia":[{"embeddable":true,"href":"https:\/\/actionmall.act.at\/shop\/2852\/wp-json\/wp\/v2\/media\/559"}],"wp:attachment":[{"href":"https:\/\/actionmall.act.at\/shop\/2852\/wp-json\/wp\/v2\/media?parent=558"}],"wp:term":[{"taxonomy":"product_cat","embeddable":true,"href":"https:\/\/actionmall.act.at\/shop\/2852\/wp-json\/wp\/v2\/product_cat?post=558"},{"taxonomy":"product_tag","embeddable":true,"href":"https:\/\/actionmall.act.at\/shop\/2852\/wp-json\/wp\/v2\/product_tag?post=558"}],"curies":[{"name":"wp","href":"https:\/\/api.w.org\/{rel}","templated":true}]}}