{"id":254,"date":"2024-11-18T14:42:54","date_gmt":"2024-11-18T13:42:54","guid":{"rendered":"https:\/\/actionmall.act.at\/shop\/2889\/?post_type=product&#038;p=254"},"modified":"2025-12-15T14:38:28","modified_gmt":"2025-12-15T13:38:28","slug":"tactical-foodpack-sos-notvorrat-bax-mit-fleisch","status":"publish","type":"product","link":"https:\/\/actionmall.act.at\/shop\/2889\/en\/produkt\/tactical-foodpack-sos-notvorrat-bax-mit-fleisch\/","title":{"rendered":"Notverpflegungspaket mit Fleisch"},"content":{"rendered":"<p>Inhalt:<\/p>\n<ul>\n<li>3x Kartoffelbrei mit Speck<\/li>\n<li>3x Reisgericht mit H\u00e4hnchen<\/li>\n<li>2x Haferflockenbrei mit \u00c4pfeln<\/li>\n<li>3x W\u00fcrzige Nudelsuppe<\/li>\n<li>3x Spaghetti Bolognese<\/li>\n<li>3x Reispudding mit Beeren<\/li>\n<li>2x Buchweizeneintopf mit Putenfleisch<\/li>\n<li>2x Mittelmeer Fr\u00fchst\u00fcck Shakshuka<\/li>\n<li>Wasseraufbereitungstabletten<\/li>\n<li>Streichh\u00f6lzer<\/li>\n<li>L\u00f6ffel<\/li>\n<\/ul>\n","protected":false},"excerpt":{"rendered":"<p>Inhalt: 3x Kartoffelbrei mit Speck 3x Reisgericht mit H\u00e4hnchen 2x Haferflockenbrei mit \u00c4pfeln 3x W\u00fcrzige Nudelsuppe 3x Spaghetti Bolognese 3x Reispudding mit Beeren 2x Buchweizeneintopf mit Putenfleisch 2x Mittelmeer Fr\u00fchst\u00fcck Shakshuka Wasseraufbereitungstabletten Streichh\u00f6lzer L\u00f6ffel<\/p>\n","protected":false},"featured_media":415,"template":"","meta":[],"product_cat":[],"product_tag":[],"class_list":{"0":"post-254","1":"product","2":"type-product","3":"status-publish","4":"has-post-thumbnail","7":"first","8":"instock","9":"taxable","10":"shipping-taxable","11":"purchasable","12":"product-type-simple"},"_links":{"self":[{"href":"https:\/\/actionmall.act.at\/shop\/2889\/en\/wp-json\/wp\/v2\/product\/254"}],"collection":[{"href":"https:\/\/actionmall.act.at\/shop\/2889\/en\/wp-json\/wp\/v2\/product"}],"about":[{"href":"https:\/\/actionmall.act.at\/shop\/2889\/en\/wp-json\/wp\/v2\/types\/product"}],"wp:featuredmedia":[{"embeddable":true,"href":"https:\/\/actionmall.act.at\/shop\/2889\/en\/wp-json\/wp\/v2\/media\/415"}],"wp:attachment":[{"href":"https:\/\/actionmall.act.at\/shop\/2889\/en\/wp-json\/wp\/v2\/media?parent=254"}],"wp:term":[{"taxonomy":"product_cat","embeddable":true,"href":"https:\/\/actionmall.act.at\/shop\/2889\/en\/wp-json\/wp\/v2\/product_cat?post=254"},{"taxonomy":"product_tag","embeddable":true,"href":"https:\/\/actionmall.act.at\/shop\/2889\/en\/wp-json\/wp\/v2\/product_tag?post=254"}],"curies":[{"name":"wp","href":"https:\/\/api.w.org\/{rel}","templated":true}]}}