{"id":258,"date":"2024-11-18T14:53:40","date_gmt":"2024-11-18T13:53:40","guid":{"rendered":"https:\/\/actionmall.act.at\/shop\/2889\/?post_type=product&#038;p=258"},"modified":"2025-12-15T14:28:55","modified_gmt":"2025-12-15T13:28:55","slug":"basicnature-powerbank-20-powerbank","status":"publish","type":"product","link":"https:\/\/actionmall.act.at\/shop\/2889\/en\/produkt\/basicnature-powerbank-20-powerbank\/","title":{"rendered":"Powerbank 20.000 mAh"},"content":{"rendered":"<p>Kapazit\u00e4t: 20.000 mAh<br \/>\nAbmessungen: 17,6 x 9,5 x 2,8cm<br \/>\nGewicht: 560g<br \/>\nBatterie\/Akku: Li-Polymer<\/p>\n<p>Robuste Outdoor-Powerbank mit gro\u00dfer Kapazit\u00e4t und zahlreichen, n\u00fctzlichen Features:<\/p>\n<ul>\n<li>20.000 mAh (genug f\u00fcr 4 bis 5 volle Aufladungen durchschnittlicher Handyakkus)<\/li>\n<li>Qi Wireless Charging mit 5V\/1A (kabelloses Aufladen von Qi-kompatiblen Ger\u00e4ten)<\/li>\n<li>3x USB-Ausg\u00e4nge: 1x 5V\/1A, 2x 5v\/2A<\/li>\n<li>Solar Panel f\u00fcr den Notbetrieb mit 5V\/300mA<\/li>\n<li>Akku-Ladeanzeige<\/li>\n<li>Silikondichtung \u00fcber den USB-Ausg\u00e4ngen<\/li>\n<li>spritzwassergesch\u00fcztes Geh\u00e4use, IPX5<\/li>\n<li>Schlaufe zur Montage an Karabinern etc.<\/li>\n<li>inkl. Micro-USB-Kabel<\/li>\n<\/ul>\n","protected":false},"excerpt":{"rendered":"<p>Kapazit\u00e4t: 20.000 mAh Abmessungen: 17,6 x 9,5 x 2,8cm Gewicht: 560g Batterie\/Akku: Li-Polymer Robuste Outdoor-Powerbank mit gro\u00dfer Kapazit\u00e4t und zahlreichen, n\u00fctzlichen Features: 20.000 mAh (genug f\u00fcr 4 bis 5 volle Aufladungen durchschnittlicher Handyakkus) Qi Wireless Charging mit 5V\/1A (kabelloses Aufladen von Qi-kompatiblen Ger\u00e4ten) 3x USB-Ausg\u00e4nge: 1x 5V\/1A, 2x 5v\/2A Solar Panel f\u00fcr den Notbetrieb mit [&hellip;]<\/p>\n","protected":false},"featured_media":414,"template":"","meta":[],"product_cat":[],"product_tag":[],"class_list":{"0":"post-258","1":"product","2":"type-product","3":"status-publish","4":"has-post-thumbnail","7":"first","8":"instock","9":"taxable","10":"shipping-taxable","11":"purchasable","12":"product-type-simple"},"_links":{"self":[{"href":"https:\/\/actionmall.act.at\/shop\/2889\/en\/wp-json\/wp\/v2\/product\/258"}],"collection":[{"href":"https:\/\/actionmall.act.at\/shop\/2889\/en\/wp-json\/wp\/v2\/product"}],"about":[{"href":"https:\/\/actionmall.act.at\/shop\/2889\/en\/wp-json\/wp\/v2\/types\/product"}],"wp:featuredmedia":[{"embeddable":true,"href":"https:\/\/actionmall.act.at\/shop\/2889\/en\/wp-json\/wp\/v2\/media\/414"}],"wp:attachment":[{"href":"https:\/\/actionmall.act.at\/shop\/2889\/en\/wp-json\/wp\/v2\/media?parent=258"}],"wp:term":[{"taxonomy":"product_cat","embeddable":true,"href":"https:\/\/actionmall.act.at\/shop\/2889\/en\/wp-json\/wp\/v2\/product_cat?post=258"},{"taxonomy":"product_tag","embeddable":true,"href":"https:\/\/actionmall.act.at\/shop\/2889\/en\/wp-json\/wp\/v2\/product_tag?post=258"}],"curies":[{"name":"wp","href":"https:\/\/api.w.org\/{rel}","templated":true}]}}