{"id":267,"date":"2024-11-18T15:05:00","date_gmt":"2024-11-18T14:05:00","guid":{"rendered":"https:\/\/actionmall.act.at\/shop\/2889\/?post_type=product&#038;p=267"},"modified":"2025-12-15T14:27:37","modified_gmt":"2025-12-15T13:27:37","slug":"basicnature-3-teiliges-besteckset-mit-karabiner","status":"publish","type":"product","link":"https:\/\/actionmall.act.at\/shop\/2889\/en\/produkt\/basicnature-3-teiliges-besteckset-mit-karabiner\/","title":{"rendered":"3-teiliges Besteckset mit Karabiner"},"content":{"rendered":"<p>Material: Rostfreier Edelstahl<br \/>\nMa\u00dfe: 17 x 4cm<br \/>\nZubeh\u00f6r: mit Etui und Karabiner<br \/>\nGewicht: 106g<\/p>\n<p>Robustes Besteckset mit scharfen S\u00e4gemesser, Gabel und L\u00f6ffel<\/p>\n","protected":false},"excerpt":{"rendered":"<p>Material: Rostfreier Edelstahl Ma\u00dfe: 17 x 4cm Zubeh\u00f6r: mit Etui und Karabiner Gewicht: 106g Robustes Besteckset mit scharfen S\u00e4gemesser, Gabel und L\u00f6ffel<\/p>\n","protected":false},"featured_media":412,"template":"","meta":[],"product_cat":[],"product_tag":[],"class_list":{"0":"post-267","1":"product","2":"type-product","3":"status-publish","4":"has-post-thumbnail","7":"first","8":"instock","9":"taxable","10":"shipping-taxable","11":"purchasable","12":"product-type-simple"},"_links":{"self":[{"href":"https:\/\/actionmall.act.at\/shop\/2889\/en\/wp-json\/wp\/v2\/product\/267"}],"collection":[{"href":"https:\/\/actionmall.act.at\/shop\/2889\/en\/wp-json\/wp\/v2\/product"}],"about":[{"href":"https:\/\/actionmall.act.at\/shop\/2889\/en\/wp-json\/wp\/v2\/types\/product"}],"wp:featuredmedia":[{"embeddable":true,"href":"https:\/\/actionmall.act.at\/shop\/2889\/en\/wp-json\/wp\/v2\/media\/412"}],"wp:attachment":[{"href":"https:\/\/actionmall.act.at\/shop\/2889\/en\/wp-json\/wp\/v2\/media?parent=267"}],"wp:term":[{"taxonomy":"product_cat","embeddable":true,"href":"https:\/\/actionmall.act.at\/shop\/2889\/en\/wp-json\/wp\/v2\/product_cat?post=267"},{"taxonomy":"product_tag","embeddable":true,"href":"https:\/\/actionmall.act.at\/shop\/2889\/en\/wp-json\/wp\/v2\/product_tag?post=267"}],"curies":[{"name":"wp","href":"https:\/\/api.w.org\/{rel}","templated":true}]}}