{"id":285,"date":"2024-11-25T14:40:42","date_gmt":"2024-11-25T13:40:42","guid":{"rendered":"https:\/\/actionmall.act.at\/shop\/2889\/?post_type=product&#038;p=285"},"modified":"2025-12-15T14:09:53","modified_gmt":"2025-12-15T13:09:53","slug":"hanwag-alaska-gtx-schuhe","status":"publish","type":"product","link":"https:\/\/actionmall.act.at\/shop\/2889\/en\/produkt\/hanwag-alaska-gtx-schuhe\/","title":{"rendered":"Bergstiefel Sibiria GTX"},"content":{"rendered":"<p><strong>Ausstattung:<\/strong> D\u00e4mpfungselemente in der Mittelsohle, zus\u00e4tzliche D\u00e4mpfungszone im Fersenbereich, umlaufender Ger\u00f6llschutz<\/p>\n<p><strong>Eigenschaften:<\/strong> atmungsaktiv, wasserdicht, sehr stabil auch mit schwerem Gep\u00e4ck, hoher Tragekomfort<\/p>\n<p><strong>Sohle:\u00a0<\/strong>Gebirgs- und Gel\u00e4ndeprofil,\u00a0VIBRAM\u00ae,\u00a0besonders rutschfest<\/p>\n<p>&nbsp;<\/p>\n","protected":false},"excerpt":{"rendered":"<p>Ausstattung: D\u00e4mpfungselemente in der Mittelsohle, zus\u00e4tzliche D\u00e4mpfungszone im Fersenbereich, umlaufender Ger\u00f6llschutz Eigenschaften: atmungsaktiv, wasserdicht, sehr stabil auch mit schwerem Gep\u00e4ck, hoher Tragekomfort Sohle:\u00a0Gebirgs- und Gel\u00e4ndeprofil,\u00a0VIBRAM\u00ae,\u00a0besonders rutschfest &nbsp;<\/p>\n","protected":false},"featured_media":394,"template":"","meta":[],"product_cat":[],"product_tag":[],"class_list":{"0":"post-285","1":"product","2":"type-product","3":"status-publish","4":"has-post-thumbnail","7":"first","8":"instock","9":"taxable","10":"shipping-taxable","11":"purchasable","12":"product-type-simple"},"_links":{"self":[{"href":"https:\/\/actionmall.act.at\/shop\/2889\/en\/wp-json\/wp\/v2\/product\/285"}],"collection":[{"href":"https:\/\/actionmall.act.at\/shop\/2889\/en\/wp-json\/wp\/v2\/product"}],"about":[{"href":"https:\/\/actionmall.act.at\/shop\/2889\/en\/wp-json\/wp\/v2\/types\/product"}],"wp:featuredmedia":[{"embeddable":true,"href":"https:\/\/actionmall.act.at\/shop\/2889\/en\/wp-json\/wp\/v2\/media\/394"}],"wp:attachment":[{"href":"https:\/\/actionmall.act.at\/shop\/2889\/en\/wp-json\/wp\/v2\/media?parent=285"}],"wp:term":[{"taxonomy":"product_cat","embeddable":true,"href":"https:\/\/actionmall.act.at\/shop\/2889\/en\/wp-json\/wp\/v2\/product_cat?post=285"},{"taxonomy":"product_tag","embeddable":true,"href":"https:\/\/actionmall.act.at\/shop\/2889\/en\/wp-json\/wp\/v2\/product_tag?post=285"}],"curies":[{"name":"wp","href":"https:\/\/api.w.org\/{rel}","templated":true}]}}