{"id":294,"date":"2024-11-25T14:52:00","date_gmt":"2024-11-25T13:52:00","guid":{"rendered":"https:\/\/actionmall.act.at\/shop\/2889\/?post_type=product&#038;p=294"},"modified":"2025-12-15T14:25:48","modified_gmt":"2025-12-15T13:25:48","slug":"tatonka-first-aid-advanced","status":"publish","type":"product","link":"https:\/\/actionmall.act.at\/shop\/2889\/en\/produkt\/tatonka-first-aid-advanced\/","title":{"rendered":"Erste-Hilfe-Set +"},"content":{"rendered":"<h4><strong>Material:<\/strong>\u00a0420 HD Nylon<\/h4>\n<h4><strong>Abmessungen:<\/strong>\u00a027,5 x 15,5 x 12,0 cm<\/h4>\n<h4><strong>Gewicht:<\/strong>\u00a0700 g<\/h4>\n<h3>Inhalt<\/h3>\n<ul>\n<li>5x SAN Wundkompresse 10 x 10 cm, nichthaftend<\/li>\n<li>1x Mittelzugbinde 8 cm<\/li>\n<li>1x Verbandp\u00e4ckchen mittel, Kompresse nichthaftend<\/li>\n<li>1x Verbandp\u00e4ckchen gro\u00df, Kompresse nichthaftend<\/li>\n<li>1x Leukoplast\u00ae Wundpflaster 50 x 6 cm<\/li>\n<li>1x Fixierpflaster 30 x 15 cm<\/li>\n<li>5x Compeed\u00ae Blasenpflaster<\/li>\n<li>1 Rolle Sporttape 10 m x 2,5 cm<\/li>\n<li>1x Verbandsschere gerade, spitz\/stumpf<\/li>\n<li>1 flexibles Fieberthermometer NexTemp<\/li>\n<li>1x Splitterpinzette 9 cm<\/li>\n<li>3 Paar Vinyl-Handschuhe<\/li>\n<li>1x Dreiecktuch (Viskose)<\/li>\n<li>1x Verbandtuch 60 x 80 cm<\/li>\n<li>1x Rettungsdecke 160 x 210 cm<\/li>\n<li>1x Erste-Hilfe-Outdoor-Spickzettel<\/li>\n<li>1x Checkliste<\/li>\n<li>10x Alkoholtupfer<\/li>\n<\/ul>\n<p>1x SAM Splint-Schiene<\/p>\n","protected":false},"excerpt":{"rendered":"<p>Material:\u00a0420 HD Nylon Abmessungen:\u00a027,5 x 15,5 x 12,0 cm Gewicht:\u00a0700 g Inhalt 5x SAN Wundkompresse 10 x 10 cm, nichthaftend 1x Mittelzugbinde 8 cm 1x Verbandp\u00e4ckchen mittel, Kompresse nichthaftend 1x Verbandp\u00e4ckchen gro\u00df, Kompresse nichthaftend 1x Leukoplast\u00ae Wundpflaster 50 x 6 cm 1x Fixierpflaster 30 x 15 cm 5x Compeed\u00ae Blasenpflaster 1 Rolle Sporttape 10 m [&hellip;]<\/p>\n","protected":false},"featured_media":409,"template":"","meta":[],"product_cat":[],"product_tag":[],"class_list":{"0":"post-294","1":"product","2":"type-product","3":"status-publish","4":"has-post-thumbnail","7":"first","8":"instock","9":"taxable","10":"shipping-taxable","11":"purchasable","12":"product-type-simple"},"_links":{"self":[{"href":"https:\/\/actionmall.act.at\/shop\/2889\/en\/wp-json\/wp\/v2\/product\/294"}],"collection":[{"href":"https:\/\/actionmall.act.at\/shop\/2889\/en\/wp-json\/wp\/v2\/product"}],"about":[{"href":"https:\/\/actionmall.act.at\/shop\/2889\/en\/wp-json\/wp\/v2\/types\/product"}],"wp:featuredmedia":[{"embeddable":true,"href":"https:\/\/actionmall.act.at\/shop\/2889\/en\/wp-json\/wp\/v2\/media\/409"}],"wp:attachment":[{"href":"https:\/\/actionmall.act.at\/shop\/2889\/en\/wp-json\/wp\/v2\/media?parent=294"}],"wp:term":[{"taxonomy":"product_cat","embeddable":true,"href":"https:\/\/actionmall.act.at\/shop\/2889\/en\/wp-json\/wp\/v2\/product_cat?post=294"},{"taxonomy":"product_tag","embeddable":true,"href":"https:\/\/actionmall.act.at\/shop\/2889\/en\/wp-json\/wp\/v2\/product_tag?post=294"}],"curies":[{"name":"wp","href":"https:\/\/api.w.org\/{rel}","templated":true}]}}