{"id":297,"date":"2024-11-25T14:56:53","date_gmt":"2024-11-25T13:56:53","guid":{"rendered":"https:\/\/actionmall.act.at\/shop\/2889\/?post_type=product&#038;p=297"},"modified":"2025-12-15T14:19:28","modified_gmt":"2025-12-15T13:19:28","slug":"leatherman-oht","status":"publish","type":"product","link":"https:\/\/actionmall.act.at\/shop\/2889\/en\/produkt\/leatherman-oht\/","title":{"rendered":"Multitool PNS"},"content":{"rendered":"<p><strong>Gewicht:\u00a0<\/strong>280,6 g<\/p>\n<p><strong>Werkzeuge:\u00a0<\/strong>Spitzzange, Schraubendreher, gro\u00dfer\/mittlerer\/kleiner Schlitz-Schraubendreher, S\u00e4ge, Gurtschneider, auswechselbarer 154CM Drahtschneider, auswechselbarer 154cm, Flaschen\u00f6ffner, Dosen\u00f6ffner, Wellenschliff-Klinge, Messerklinge, Putzstock-Adapter,\u00a0Schl\u00fcssel f\u00fcr Sauerstoffflaschen<\/p>\n<p><strong>Klingenl\u00e4nge: <\/strong>6,0 cm<\/p>\n<p><strong>Gesamtl\u00e4nge: <\/strong>11,5 cm<\/p>\n","protected":false},"excerpt":{"rendered":"<p>Gewicht:\u00a0280,6 g Werkzeuge:\u00a0Spitzzange, Schraubendreher, gro\u00dfer\/mittlerer\/kleiner Schlitz-Schraubendreher, S\u00e4ge, Gurtschneider, auswechselbarer 154CM Drahtschneider, auswechselbarer 154cm, Flaschen\u00f6ffner, Dosen\u00f6ffner, Wellenschliff-Klinge, Messerklinge, Putzstock-Adapter,\u00a0Schl\u00fcssel f\u00fcr Sauerstoffflaschen Klingenl\u00e4nge: 6,0 cm Gesamtl\u00e4nge: 11,5 cm<\/p>\n","protected":false},"featured_media":407,"template":"","meta":[],"product_cat":[],"product_tag":[],"class_list":{"0":"post-297","1":"product","2":"type-product","3":"status-publish","4":"has-post-thumbnail","7":"first","8":"instock","9":"taxable","10":"shipping-taxable","11":"purchasable","12":"product-type-simple"},"_links":{"self":[{"href":"https:\/\/actionmall.act.at\/shop\/2889\/en\/wp-json\/wp\/v2\/product\/297"}],"collection":[{"href":"https:\/\/actionmall.act.at\/shop\/2889\/en\/wp-json\/wp\/v2\/product"}],"about":[{"href":"https:\/\/actionmall.act.at\/shop\/2889\/en\/wp-json\/wp\/v2\/types\/product"}],"wp:featuredmedia":[{"embeddable":true,"href":"https:\/\/actionmall.act.at\/shop\/2889\/en\/wp-json\/wp\/v2\/media\/407"}],"wp:attachment":[{"href":"https:\/\/actionmall.act.at\/shop\/2889\/en\/wp-json\/wp\/v2\/media?parent=297"}],"wp:term":[{"taxonomy":"product_cat","embeddable":true,"href":"https:\/\/actionmall.act.at\/shop\/2889\/en\/wp-json\/wp\/v2\/product_cat?post=297"},{"taxonomy":"product_tag","embeddable":true,"href":"https:\/\/actionmall.act.at\/shop\/2889\/en\/wp-json\/wp\/v2\/product_tag?post=297"}],"curies":[{"name":"wp","href":"https:\/\/api.w.org\/{rel}","templated":true}]}}