{"id":318,"date":"2024-12-02T13:41:06","date_gmt":"2024-12-02T12:41:06","guid":{"rendered":"https:\/\/actionmall.act.at\/shop\/2889\/?post_type=product&#038;p=318"},"modified":"2025-12-01T15:16:04","modified_gmt":"2025-12-01T14:16:04","slug":"tasmanian-tiger-range-pack-mk-2","status":"publish","type":"product","link":"https:\/\/actionmall.act.at\/shop\/2889\/en\/produkt\/tasmanian-tiger-range-pack-mk-2\/","title":{"rendered":"Gro\u00dfer Einsatzrucksack Ranger"},"content":{"rendered":"<p><strong>Volumen:<\/strong> 100 Liter<\/p>\n<p><strong>Ma\u00dfe:\u00a0<\/strong>84 x 35 x 27 cm<\/p>\n<p><strong>Tragesystem:\u00a0<\/strong>individuell an die K\u00f6rpergr\u00f6\u00dfe anpassbar, komfortable Mesh-Polsterung, X-1 System f\u00fcr extreme Belastung<\/p>\n<p><strong>Ausstattung:\u00a0<\/strong>abzippbare Fronttasche kann auch als Daypack getragen werden<\/p>\n<p><strong>F\u00e4cher:\u00a0<\/strong>Hauptfach\/f\u00e4cher,\u00a0Deckelfach\/f\u00e4cher,\u00a0abtrennbares Bodenfach<\/p>\n<p><strong>Gewicht:\u00a0<\/strong>4,40 kg<\/p>\n","protected":false},"excerpt":{"rendered":"<p>Volumen: 100 Liter Ma\u00dfe:\u00a084 x 35 x 27 cm Tragesystem:\u00a0individuell an die K\u00f6rpergr\u00f6\u00dfe anpassbar, komfortable Mesh-Polsterung, X-1 System f\u00fcr extreme Belastung Ausstattung:\u00a0abzippbare Fronttasche kann auch als Daypack getragen werden F\u00e4cher:\u00a0Hauptfach\/f\u00e4cher,\u00a0Deckelfach\/f\u00e4cher,\u00a0abtrennbares Bodenfach Gewicht:\u00a04,40 kg<\/p>\n","protected":false},"featured_media":387,"template":"","meta":[],"product_cat":[],"product_tag":[],"class_list":{"0":"post-318","1":"product","2":"type-product","3":"status-publish","4":"has-post-thumbnail","7":"first","8":"instock","9":"taxable","10":"shipping-taxable","11":"purchasable","12":"product-type-simple"},"_links":{"self":[{"href":"https:\/\/actionmall.act.at\/shop\/2889\/en\/wp-json\/wp\/v2\/product\/318"}],"collection":[{"href":"https:\/\/actionmall.act.at\/shop\/2889\/en\/wp-json\/wp\/v2\/product"}],"about":[{"href":"https:\/\/actionmall.act.at\/shop\/2889\/en\/wp-json\/wp\/v2\/types\/product"}],"wp:featuredmedia":[{"embeddable":true,"href":"https:\/\/actionmall.act.at\/shop\/2889\/en\/wp-json\/wp\/v2\/media\/387"}],"wp:attachment":[{"href":"https:\/\/actionmall.act.at\/shop\/2889\/en\/wp-json\/wp\/v2\/media?parent=318"}],"wp:term":[{"taxonomy":"product_cat","embeddable":true,"href":"https:\/\/actionmall.act.at\/shop\/2889\/en\/wp-json\/wp\/v2\/product_cat?post=318"},{"taxonomy":"product_tag","embeddable":true,"href":"https:\/\/actionmall.act.at\/shop\/2889\/en\/wp-json\/wp\/v2\/product_tag?post=318"}],"curies":[{"name":"wp","href":"https:\/\/api.w.org\/{rel}","templated":true}]}}