{"id":265,"date":"2024-11-18T15:06:07","date_gmt":"2024-11-18T14:06:07","guid":{"rendered":"https:\/\/actionmall.act.at\/shop\/2889\/?post_type=product&#038;p=265"},"modified":"2026-01-27T00:59:54","modified_gmt":"2026-01-26T23:59:54","slug":"uf-pro-striker-xt-gen-2-einsatzhose","status":"publish","type":"product","link":"https:\/\/actionmall.act.at\/shop\/2889\/produkt\/uf-pro-striker-xt-gen-2-einsatzhose\/","title":{"rendered":"Taktische Einsatzhose 2.0 (Combat Pants)"},"content":{"rendered":"<p><strong>Eigenschaften:<\/strong><\/p>\n<ul>\n<li>abriebfest<\/li>\n<li>atmungsaktiv<\/li>\n<li>dehnbar<\/li>\n<li>flexibel<\/li>\n<li>extrem robust<\/li>\n<li>2 Ges\u00e4\u00dftaschen<\/li>\n<li>2 Oberschenkeltaschen mit Rei\u00dfverschluss<\/li>\n<li>2 Fronttaschen mit verst\u00e4rkten R\u00e4ndern<\/li>\n<\/ul>\n<p><span data-contrast=\"none\">Die neue Einsatzhose von UF Pro beeindruckt durch ihren au\u00dferordentlichen Tragekomfort bei maximaler Bewegungsfreiheit.<\/span><span data-ccp-props=\"{\">\u00a0<\/span><span data-contrast=\"none\">Stretch-Elemente sorgen daf\u00fcr, dass die Hose bei jeder Bewegung perfekt sitzt und sich an die unterschiedlichsten Anforderungen anpasst.<\/span><span data-ccp-props=\"{\">\u00a0<\/span><\/p>\n","protected":false},"excerpt":{"rendered":"<p>Eigenschaften: abriebfest atmungsaktiv dehnbar flexibel extrem robust 2 Ges\u00e4\u00dftaschen 2 Oberschenkeltaschen mit Rei\u00dfverschluss 2 Fronttaschen mit verst\u00e4rkten R\u00e4ndern Die neue Einsatzhose von UF Pro beeindruckt durch ihren au\u00dferordentlichen Tragekomfort bei maximaler Bewegungsfreiheit.\u00a0Stretch-Elemente sorgen daf\u00fcr, dass die Hose bei jeder Bewegung perfekt sitzt und sich an die unterschiedlichsten Anforderungen anpasst.\u00a0<\/p>\n","protected":false},"featured_media":399,"template":"","meta":[],"product_cat":[],"product_tag":[],"class_list":{"0":"post-265","1":"product","2":"type-product","3":"status-publish","4":"has-post-thumbnail","7":"first","8":"instock","9":"taxable","10":"shipping-taxable","11":"purchasable","12":"product-type-simple"},"_links":{"self":[{"href":"https:\/\/actionmall.act.at\/shop\/2889\/wp-json\/wp\/v2\/product\/265"}],"collection":[{"href":"https:\/\/actionmall.act.at\/shop\/2889\/wp-json\/wp\/v2\/product"}],"about":[{"href":"https:\/\/actionmall.act.at\/shop\/2889\/wp-json\/wp\/v2\/types\/product"}],"wp:featuredmedia":[{"embeddable":true,"href":"https:\/\/actionmall.act.at\/shop\/2889\/wp-json\/wp\/v2\/media\/399"}],"wp:attachment":[{"href":"https:\/\/actionmall.act.at\/shop\/2889\/wp-json\/wp\/v2\/media?parent=265"}],"wp:term":[{"taxonomy":"product_cat","embeddable":true,"href":"https:\/\/actionmall.act.at\/shop\/2889\/wp-json\/wp\/v2\/product_cat?post=265"},{"taxonomy":"product_tag","embeddable":true,"href":"https:\/\/actionmall.act.at\/shop\/2889\/wp-json\/wp\/v2\/product_tag?post=265"}],"curies":[{"name":"wp","href":"https:\/\/api.w.org\/{rel}","templated":true}]}}