{"id":301,"date":"2024-11-25T15:09:32","date_gmt":"2024-11-25T14:09:32","guid":{"rendered":"https:\/\/actionmall.act.at\/shop\/2889\/?post_type=product&#038;p=301"},"modified":"2025-12-15T14:18:06","modified_gmt":"2025-12-15T13:18:06","slug":"gearaid-microfaser-handtuch-xl","status":"publish","type":"product","link":"https:\/\/actionmall.act.at\/shop\/2889\/produkt\/gearaid-microfaser-handtuch-xl\/","title":{"rendered":"Mikrofaserhandtuch extra gro\u00df"},"content":{"rendered":"<p><strong>Material:\u00a0<\/strong>Microfaser Polyester<\/p>\n<p><strong>Abmessungen:\u00a0<\/strong>89 x 157 cm<\/p>\n<p><strong>Eigenschaften:\u00a0<\/strong>schnelltrocknend,\u00a0antimikrobiell behandelt<\/p>\n<p><strong>Gewicht:\u00a0<\/strong>260 g<\/p>\n<p>Die Microfaser Handt\u00fccher von GearAid sind praktische Begleiter auf jedem Trip \u2013 egal ob beim Camping, am Strand oder unterwegs im Auto<\/p>\n<ul>\n<li>superabsorbierend<\/li>\n<li>mit abgen\u00e4hten \u00d6sen &#8211; kann auch als Sonnenschutz oder Decke verwendet werden<\/li>\n<li>Mesh-Tasche, damit das Handtuch auch w\u00e4hrend dem Transport trocknen kann<\/li>\n<\/ul>\n","protected":false},"excerpt":{"rendered":"<p>Material:\u00a0Microfaser Polyester Abmessungen:\u00a089 x 157 cm Eigenschaften:\u00a0schnelltrocknend,\u00a0antimikrobiell behandelt Gewicht:\u00a0260 g Die Microfaser Handt\u00fccher von GearAid sind praktische Begleiter auf jedem Trip \u2013 egal ob beim Camping, am Strand oder unterwegs im Auto superabsorbierend mit abgen\u00e4hten \u00d6sen &#8211; kann auch als Sonnenschutz oder Decke verwendet werden Mesh-Tasche, damit das Handtuch auch w\u00e4hrend dem Transport trocknen kann<\/p>\n","protected":false},"featured_media":405,"template":"","meta":[],"product_cat":[],"product_tag":[],"class_list":{"0":"post-301","1":"product","2":"type-product","3":"status-publish","4":"has-post-thumbnail","7":"first","8":"instock","9":"taxable","10":"shipping-taxable","11":"purchasable","12":"product-type-simple"},"_links":{"self":[{"href":"https:\/\/actionmall.act.at\/shop\/2889\/wp-json\/wp\/v2\/product\/301"}],"collection":[{"href":"https:\/\/actionmall.act.at\/shop\/2889\/wp-json\/wp\/v2\/product"}],"about":[{"href":"https:\/\/actionmall.act.at\/shop\/2889\/wp-json\/wp\/v2\/types\/product"}],"wp:featuredmedia":[{"embeddable":true,"href":"https:\/\/actionmall.act.at\/shop\/2889\/wp-json\/wp\/v2\/media\/405"}],"wp:attachment":[{"href":"https:\/\/actionmall.act.at\/shop\/2889\/wp-json\/wp\/v2\/media?parent=301"}],"wp:term":[{"taxonomy":"product_cat","embeddable":true,"href":"https:\/\/actionmall.act.at\/shop\/2889\/wp-json\/wp\/v2\/product_cat?post=301"},{"taxonomy":"product_tag","embeddable":true,"href":"https:\/\/actionmall.act.at\/shop\/2889\/wp-json\/wp\/v2\/product_tag?post=301"}],"curies":[{"name":"wp","href":"https:\/\/api.w.org\/{rel}","templated":true}]}}