{"id":316,"date":"2024-12-02T13:38:04","date_gmt":"2024-12-02T12:38:04","guid":{"rendered":"https:\/\/actionmall.act.at\/shop\/2889\/?post_type=product&#038;p=316"},"modified":"2025-12-15T14:04:29","modified_gmt":"2025-12-15T13:04:29","slug":"mfh-assault-pack-laser","status":"publish","type":"product","link":"https:\/\/actionmall.act.at\/shop\/2889\/produkt\/mfh-assault-pack-laser\/","title":{"rendered":"Taktischer Rucksack Laser-Cut"},"content":{"rendered":"<p><strong>Volumen:\u00a0<\/strong>30 Liter<\/p>\n<p><strong>Ma\u00dfe:\u00a0<\/strong>40 x 25 x 20 cm<\/p>\n<p><strong>Befestigungsm\u00f6glichkeiten:\u00a0<\/strong>laser-geschnittene MOLLE Schlaufen, D-Ring\/e durch das atmungsaktive und wetterfeste Mesh-Gewebe im R\u00fcckenbereich ist der Alpinrucksack besonders komfortabel und robust. Die verstellbaren und gepolsterten Schultergurte erh\u00f6hen den Tragekomfort zus\u00e4tzlich.<\/p>\n<ul>\n<li>2 gro\u00dfe Hauptf\u00e4cher<\/li>\n<li>2 kleine Vordertaschen<\/li>\n<li>4 Stitf\u00e4cher<\/li>\n<li>MOLLE kompatibel<\/li>\n<li>Mesh Gewebe im R\u00fcckenbereich<\/li>\n<li>Gepolsterte Schultergurte<\/li>\n<\/ul>\n","protected":false},"excerpt":{"rendered":"<p>Volumen:\u00a030 Liter Ma\u00dfe:\u00a040 x 25 x 20 cm Befestigungsm\u00f6glichkeiten:\u00a0laser-geschnittene MOLLE Schlaufen, D-Ring\/e durch das atmungsaktive und wetterfeste Mesh-Gewebe im R\u00fcckenbereich ist der Alpinrucksack besonders komfortabel und robust. Die verstellbaren und gepolsterten Schultergurte erh\u00f6hen den Tragekomfort zus\u00e4tzlich. 2 gro\u00dfe Hauptf\u00e4cher 2 kleine Vordertaschen 4 Stitf\u00e4cher MOLLE kompatibel Mesh Gewebe im R\u00fcckenbereich Gepolsterte Schultergurte<\/p>\n","protected":false},"featured_media":389,"template":"","meta":[],"product_cat":[],"product_tag":[],"class_list":{"0":"post-316","1":"product","2":"type-product","3":"status-publish","4":"has-post-thumbnail","7":"first","8":"instock","9":"taxable","10":"shipping-taxable","11":"purchasable","12":"product-type-simple"},"_links":{"self":[{"href":"https:\/\/actionmall.act.at\/shop\/2889\/wp-json\/wp\/v2\/product\/316"}],"collection":[{"href":"https:\/\/actionmall.act.at\/shop\/2889\/wp-json\/wp\/v2\/product"}],"about":[{"href":"https:\/\/actionmall.act.at\/shop\/2889\/wp-json\/wp\/v2\/types\/product"}],"wp:featuredmedia":[{"embeddable":true,"href":"https:\/\/actionmall.act.at\/shop\/2889\/wp-json\/wp\/v2\/media\/389"}],"wp:attachment":[{"href":"https:\/\/actionmall.act.at\/shop\/2889\/wp-json\/wp\/v2\/media?parent=316"}],"wp:term":[{"taxonomy":"product_cat","embeddable":true,"href":"https:\/\/actionmall.act.at\/shop\/2889\/wp-json\/wp\/v2\/product_cat?post=316"},{"taxonomy":"product_tag","embeddable":true,"href":"https:\/\/actionmall.act.at\/shop\/2889\/wp-json\/wp\/v2\/product_tag?post=316"}],"curies":[{"name":"wp","href":"https:\/\/api.w.org\/{rel}","templated":true}]}}