{"id":256,"date":"2024-11-21T13:20:03","date_gmt":"2024-11-21T12:20:03","guid":{"rendered":"https:\/\/actionmall.act.at\/shop\/2890\/?post_type=product&#038;p=256"},"modified":"2026-01-29T13:43:31","modified_gmt":"2026-01-29T12:43:31","slug":"moebeltresor-fifty-bt-safe-2-bluetooth-schloss","status":"publish","type":"product","link":"https:\/\/actionmall.act.at\/shop\/2890\/en\/produkt\/moebeltresor-fifty-bt-safe-2-bluetooth-schloss\/","title":{"rendered":"M\u00f6beltresor (Bluetooth-Schloss)"},"content":{"rendered":"<p><span class=\"TextRun SCXW178902798 BCX8\" lang=\"DE-DE\" xml:lang=\"DE-DE\" data-contrast=\"auto\"><span class=\"NormalTextRun SCXW178902798 BCX8\">Der kompakte M\u00f6beltresor Fifty BT Safe 2 ist mit einem bedingten Feuerschutz ausgestattet und sch\u00fctzt Ihre Dokumente und Wertgegenst\u00e4nde. \u00dcber die App <\/span><span class=\"NormalTextRun SCXW178902798 BCX8\">Rotter <\/span><span class=\"NormalTextRun SpellingErrorV2Themed SCXW178902798 BCX8\">Unlock<\/span> <span class=\"NormalTextRun SCXW178902798 BCX8\">k\u00f6nnen Sie verschiedene Einstellungen vornehmen \u2013 z.B. wie Sie den Tresor \u00f6ffnen m\u00f6chten. Dies ist mit Ann\u00e4herung, Fingerprint, <\/span><span class=\"NormalTextRun SpellingErrorV2Themed SCXW178902798 BCX8\">One<\/span><span class=\"NormalTextRun SCXW178902798 BCX8\">-Click oder Passwort m\u00f6glich. Im Notfall l\u00e4sst sich das Schloss immer noch durch einen Schl\u00fcssel \u00f6ffnen, sodass Sie auf alle F\u00e4lle Zugang zu Ihrem Tresorinhalt haben.<\/span><\/span><span class=\"EOP SCXW178902798 BCX8\" data-ccp-props=\"{\">\u00a0<\/span><\/p>\n<p><span class=\"TextRun SCXW7761421 BCX8\" lang=\"DE-DE\" xml:lang=\"DE-DE\" data-contrast=\"auto\"><span class=\"NormalTextRun SCXW7761421 BCX8\">Sicherheitsmerkmale:<\/span><\/span><\/p>\n<ul>\n<li><span data-contrast=\"auto\">einwandiger M\u00f6beltresor<\/span><\/li>\n<li><span data-contrast=\"auto\">Korpus 2 mm Stahl<\/span><\/li>\n<li><span data-contrast=\"auto\">T\u00fcrst\u00e4rke 4 mm Stahl<\/span><\/li>\n<li><span data-contrast=\"auto\">Feuerfalz sch\u00fctzt vor leichten Br\u00e4nden<\/span><\/li>\n<li><span data-contrast=\"auto\">Bluetooth-Schloss<\/span><\/li>\n<\/ul>\n<p>&nbsp;<\/p>\n<p><span data-contrast=\"auto\">Gewicht: 9,5 kg<\/span><span data-ccp-props=\"{\">\u00a0<\/span><\/p>\n<p><span data-contrast=\"auto\">Ma\u00dfe: 250 x 350 x 250 mm<\/span><span data-ccp-props=\"{\">\u00a0<\/span><\/p>\n<p><span data-contrast=\"auto\">Volumen: 16,68 L<\/span><span data-ccp-props=\"{\">\u00a0<\/span><\/p>\n","protected":false},"excerpt":{"rendered":"<p>Der kompakte M\u00f6beltresor Fifty BT Safe 2 ist mit einem bedingten Feuerschutz ausgestattet und sch\u00fctzt Ihre Dokumente und Wertgegenst\u00e4nde. \u00dcber die App Rotter Unlock k\u00f6nnen Sie verschiedene Einstellungen vornehmen \u2013 z.B. wie Sie den Tresor \u00f6ffnen m\u00f6chten. Dies ist mit Ann\u00e4herung, Fingerprint, One-Click oder Passwort m\u00f6glich. Im Notfall l\u00e4sst sich das Schloss immer noch durch [&hellip;]<\/p>\n","protected":false},"featured_media":372,"template":"","meta":[],"product_cat":[],"product_tag":[],"class_list":{"0":"post-256","1":"product","2":"type-product","3":"status-publish","4":"has-post-thumbnail","7":"first","8":"instock","9":"taxable","10":"shipping-taxable","11":"purchasable","12":"product-type-simple"},"_links":{"self":[{"href":"https:\/\/actionmall.act.at\/shop\/2890\/en\/wp-json\/wp\/v2\/product\/256"}],"collection":[{"href":"https:\/\/actionmall.act.at\/shop\/2890\/en\/wp-json\/wp\/v2\/product"}],"about":[{"href":"https:\/\/actionmall.act.at\/shop\/2890\/en\/wp-json\/wp\/v2\/types\/product"}],"wp:featuredmedia":[{"embeddable":true,"href":"https:\/\/actionmall.act.at\/shop\/2890\/en\/wp-json\/wp\/v2\/media\/372"}],"wp:attachment":[{"href":"https:\/\/actionmall.act.at\/shop\/2890\/en\/wp-json\/wp\/v2\/media?parent=256"}],"wp:term":[{"taxonomy":"product_cat","embeddable":true,"href":"https:\/\/actionmall.act.at\/shop\/2890\/en\/wp-json\/wp\/v2\/product_cat?post=256"},{"taxonomy":"product_tag","embeddable":true,"href":"https:\/\/actionmall.act.at\/shop\/2890\/en\/wp-json\/wp\/v2\/product_tag?post=256"}],"curies":[{"name":"wp","href":"https:\/\/api.w.org\/{rel}","templated":true}]}}