{"id":264,"date":"2024-11-21T13:34:12","date_gmt":"2024-11-21T12:34:12","guid":{"rendered":"https:\/\/actionmall.act.at\/shop\/2890\/?post_type=product&#038;p=264"},"modified":"2026-01-29T13:41:24","modified_gmt":"2026-01-29T12:41:24","slug":"wertschutzschrank-en4-2-flg-zahlenkombinationsschloss","status":"publish","type":"product","link":"https:\/\/actionmall.act.at\/shop\/2890\/en\/produkt\/wertschutzschrank-en4-2-flg-zahlenkombinationsschloss\/","title":{"rendered":"Tresor mit Zahlenkombischloss + magnetischen Verschluss"},"content":{"rendered":"<p>Der Wertschutzschrank Projekt 10 \u00fcberzeugt vor allem durch seine massive Bauweise. Im Inneren bietet der Wertschutzschrank Platz f\u00fcr 55 Ordner. Die Serie Projekt Premium verf\u00fcgt \u00fcber die Sicherheitsstufe EN-4 und ist in mehreren verschiedenen Schlossvarianten erh\u00e4ltlich. Der Projekt 10 verf\u00fcgt \u00fcber einen Doppelverschluss mit einem mechanischen Zahlenkombinationsschloss und einem Doppelbart-Hochsicherheitsschloss. Somit sind Ihre Wertgegenst\u00e4nde gleich zweifach gesch\u00fctzt.<\/p>\n<p><strong>Sicherheitsmerkmale:<\/strong><\/p>\n<ul>\n<li>Kompakte Bauweise von Korpus und T\u00fcr<\/li>\n<li>4seitige kr\u00e4ftige Bolzenverriegelung mit zus\u00e4tzlicher Notverriegelung<\/li>\n<li>Scharniere au\u00dfenliegend (T\u00fcr\u00f6ffnung 180\u00b0)<\/li>\n<li>Bohrungen\/Befestigungsmaterial<\/li>\n<\/ul>\n<p>&nbsp;<\/p>\n<p>Gewicht: 1740.0 kg<\/p>\n<p>Ma\u00dfe: 1950 \u00d7 1050 \u00d7 650 mm<\/p>\n<p>Volumen: 710 L<\/p>\n","protected":false},"excerpt":{"rendered":"<p>Der Wertschutzschrank Projekt 10 \u00fcberzeugt vor allem durch seine massive Bauweise. Im Inneren bietet der Wertschutzschrank Platz f\u00fcr 55 Ordner. Die Serie Projekt Premium verf\u00fcgt \u00fcber die Sicherheitsstufe EN-4 und ist in mehreren verschiedenen Schlossvarianten erh\u00e4ltlich. Der Projekt 10 verf\u00fcgt \u00fcber einen Doppelverschluss mit einem mechanischen Zahlenkombinationsschloss und einem Doppelbart-Hochsicherheitsschloss. Somit sind Ihre Wertgegenst\u00e4nde gleich [&hellip;]<\/p>\n","protected":false},"featured_media":369,"template":"","meta":[],"product_cat":[],"product_tag":[],"class_list":{"0":"post-264","1":"product","2":"type-product","3":"status-publish","4":"has-post-thumbnail","7":"first","8":"instock","9":"taxable","10":"shipping-taxable","11":"purchasable","12":"product-type-simple"},"_links":{"self":[{"href":"https:\/\/actionmall.act.at\/shop\/2890\/en\/wp-json\/wp\/v2\/product\/264"}],"collection":[{"href":"https:\/\/actionmall.act.at\/shop\/2890\/en\/wp-json\/wp\/v2\/product"}],"about":[{"href":"https:\/\/actionmall.act.at\/shop\/2890\/en\/wp-json\/wp\/v2\/types\/product"}],"wp:featuredmedia":[{"embeddable":true,"href":"https:\/\/actionmall.act.at\/shop\/2890\/en\/wp-json\/wp\/v2\/media\/369"}],"wp:attachment":[{"href":"https:\/\/actionmall.act.at\/shop\/2890\/en\/wp-json\/wp\/v2\/media?parent=264"}],"wp:term":[{"taxonomy":"product_cat","embeddable":true,"href":"https:\/\/actionmall.act.at\/shop\/2890\/en\/wp-json\/wp\/v2\/product_cat?post=264"},{"taxonomy":"product_tag","embeddable":true,"href":"https:\/\/actionmall.act.at\/shop\/2890\/en\/wp-json\/wp\/v2\/product_tag?post=264"}],"curies":[{"name":"wp","href":"https:\/\/api.w.org\/{rel}","templated":true}]}}