{"id":266,"date":"2024-11-21T13:36:44","date_gmt":"2024-11-21T12:36:44","guid":{"rendered":"https:\/\/actionmall.act.at\/shop\/2890\/?post_type=product&#038;p=266"},"modified":"2026-01-29T13:39:58","modified_gmt":"2026-01-29T12:39:58","slug":"wertschutzschrank-en3-pearl-110-elektronikschloss","status":"publish","type":"product","link":"https:\/\/actionmall.act.at\/shop\/2890\/en\/produkt\/wertschutzschrank-en3-pearl-110-elektronikschloss\/","title":{"rendered":"Tresor mit elektronischem Schloss"},"content":{"rendered":"<p>Zertifizierter Einbruchschutz (VS\u00d6) und hochwertige Ausstattung sind die Kennzeichen des Wertschutzschrankes Pearl 110 der mit Elektronikschloss schlie\u00dft. Kleinigkeiten verstauen Sie in der Schublade, andere Wertgegenst\u00e4nde auf den beiden verstellbaren Fachb\u00f6den. F\u00fcr das Elektronikschloss ben\u00f6tigen Sie eine 9 Volt Batterie (nicht im Lieferumfang enthalten). Falls es Probleme gibt (z.B. zu schwache Batterie), dann kann das Elektronikschloss notbestromt werden. Das Befestigungsmaterial f\u00fcr die Verankerung ist in der Lieferung enthalten. Erf\u00fcllt die Bestimmungen des Deutschen Waffengesetzes \u00a7 36.<\/p>\n<p><strong>Sicherheitsmerkmale:<\/strong><\/p>\n<ul>\n<li>Bauweise sehr massiv, mehrwandig<\/li>\n<li>stabile dreiseitige Verriegelung<\/li>\n<li>Ausstattung<\/li>\n<\/ul>\n<p>&nbsp;<\/p>\n<p>Gewicht: 568.0 kg<\/p>\n<p>Ma\u00dfe: 1100 x 650 x 550 mm<\/p>\n<p>Volumen: 215 L<\/p>\n","protected":false},"excerpt":{"rendered":"<p>Zertifizierter Einbruchschutz (VS\u00d6) und hochwertige Ausstattung sind die Kennzeichen des Wertschutzschrankes Pearl 110 der mit Elektronikschloss schlie\u00dft. Kleinigkeiten verstauen Sie in der Schublade, andere Wertgegenst\u00e4nde auf den beiden verstellbaren Fachb\u00f6den. F\u00fcr das Elektronikschloss ben\u00f6tigen Sie eine 9 Volt Batterie (nicht im Lieferumfang enthalten). Falls es Probleme gibt (z.B. zu schwache Batterie), dann kann das Elektronikschloss [&hellip;]<\/p>\n","protected":false},"featured_media":368,"template":"","meta":[],"product_cat":[],"product_tag":[],"class_list":{"0":"post-266","1":"product","2":"type-product","3":"status-publish","4":"has-post-thumbnail","7":"first","8":"instock","9":"taxable","10":"shipping-taxable","11":"purchasable","12":"product-type-simple"},"_links":{"self":[{"href":"https:\/\/actionmall.act.at\/shop\/2890\/en\/wp-json\/wp\/v2\/product\/266"}],"collection":[{"href":"https:\/\/actionmall.act.at\/shop\/2890\/en\/wp-json\/wp\/v2\/product"}],"about":[{"href":"https:\/\/actionmall.act.at\/shop\/2890\/en\/wp-json\/wp\/v2\/types\/product"}],"wp:featuredmedia":[{"embeddable":true,"href":"https:\/\/actionmall.act.at\/shop\/2890\/en\/wp-json\/wp\/v2\/media\/368"}],"wp:attachment":[{"href":"https:\/\/actionmall.act.at\/shop\/2890\/en\/wp-json\/wp\/v2\/media?parent=266"}],"wp:term":[{"taxonomy":"product_cat","embeddable":true,"href":"https:\/\/actionmall.act.at\/shop\/2890\/en\/wp-json\/wp\/v2\/product_cat?post=266"},{"taxonomy":"product_tag","embeddable":true,"href":"https:\/\/actionmall.act.at\/shop\/2890\/en\/wp-json\/wp\/v2\/product_tag?post=266"}],"curies":[{"name":"wp","href":"https:\/\/api.w.org\/{rel}","templated":true}]}}