{"id":270,"date":"2024-11-21T13:43:50","date_gmt":"2024-11-21T12:43:50","guid":{"rendered":"https:\/\/actionmall.act.at\/shop\/2890\/?post_type=product&#038;p=270"},"modified":"2026-01-29T13:38:29","modified_gmt":"2026-01-29T12:38:29","slug":"schubladentresor-coverchest-1-elektronikschloss","status":"publish","type":"product","link":"https:\/\/actionmall.act.at\/shop\/2890\/en\/produkt\/schubladentresor-coverchest-1-elektronikschloss\/","title":{"rendered":"Anh\u00e4ngeschloss f\u00fcr Gep\u00e4ckst\u00fccke"},"content":{"rendered":"","protected":false},"excerpt":{"rendered":"","protected":false},"featured_media":366,"template":"","meta":[],"product_cat":[],"product_tag":[],"class_list":{"0":"post-270","1":"product","2":"type-product","3":"status-publish","4":"has-post-thumbnail","7":"first","8":"instock","9":"taxable","10":"shipping-taxable","11":"purchasable","12":"product-type-simple"},"_links":{"self":[{"href":"https:\/\/actionmall.act.at\/shop\/2890\/en\/wp-json\/wp\/v2\/product\/270"}],"collection":[{"href":"https:\/\/actionmall.act.at\/shop\/2890\/en\/wp-json\/wp\/v2\/product"}],"about":[{"href":"https:\/\/actionmall.act.at\/shop\/2890\/en\/wp-json\/wp\/v2\/types\/product"}],"wp:featuredmedia":[{"embeddable":true,"href":"https:\/\/actionmall.act.at\/shop\/2890\/en\/wp-json\/wp\/v2\/media\/366"}],"wp:attachment":[{"href":"https:\/\/actionmall.act.at\/shop\/2890\/en\/wp-json\/wp\/v2\/media?parent=270"}],"wp:term":[{"taxonomy":"product_cat","embeddable":true,"href":"https:\/\/actionmall.act.at\/shop\/2890\/en\/wp-json\/wp\/v2\/product_cat?post=270"},{"taxonomy":"product_tag","embeddable":true,"href":"https:\/\/actionmall.act.at\/shop\/2890\/en\/wp-json\/wp\/v2\/product_tag?post=270"}],"curies":[{"name":"wp","href":"https:\/\/api.w.org\/{rel}","templated":true}]}}