{"id":272,"date":"2024-11-21T13:46:19","date_gmt":"2024-11-21T12:46:19","guid":{"rendered":"https:\/\/actionmall.act.at\/shop\/2890\/?post_type=product&#038;p=272"},"modified":"2026-01-29T13:37:58","modified_gmt":"2026-01-29T12:37:58","slug":"schubladentresor-motion-1-elektronikschloss","status":"publish","type":"product","link":"https:\/\/actionmall.act.at\/shop\/2890\/en\/produkt\/schubladentresor-motion-1-elektronikschloss\/","title":{"rendered":"Schubladentresor E-Schloss"},"content":{"rendered":"<p>Verschlie\u00dfen Sie Ihre Dokumente, Wertgegenst\u00e4nde oder Kurzwaffen zuverl\u00e4ssig und sch\u00fctzen Sie sie vor ungewollten Zugriffen. Der Schubladentresor Coverchest 1 hat eine kompakte Gr\u00f6\u00dfe und sch\u00fctzt mit dem Feuerfalz vor leichten Br\u00e4nden. Das Elektronikschloss kann auch mit einem Mastercode und einer mechanischen Not\u00f6ffnung ge\u00f6ffnet werden. Da die T\u00fcr nach oben \u00f6ffnet k\u00f6nnen Sie den Schubladentresor entweder f\u00fcr die \u00d6ffnung herausheben oder Sie verankern ihn in einem M\u00f6belst\u00fcck, das eine \u00d6ffnung nach oben hin zul\u00e4sst.<\/p>\n<p><strong>Sicherheitsmerkmale<\/strong><\/p>\n<ul>\n<li>Schubladentresor einwandig<\/li>\n<li>Schubladenblatt 4 mm (Front)<\/li>\n<li>Schubladenst\u00e4rke 50 mm (Front)<\/li>\n<li>Feuerfalz<\/li>\n<li>2 Bolzen Durchmesser 17mm<\/li>\n<li>\u00d6ffnen und Schlie\u00dfen der Bolzen erfolgt automatisch (kein Drehgriff)<\/li>\n<li>Durchgangslichte: B 380 x T 180 mm<\/li>\n<\/ul>\n<p>&nbsp;<\/p>\n<p><strong>Verschluss<\/strong><\/p>\n<p>Gewicht: 15.0 kg<\/p>\n<p>Ma\u00dfe: 200 x 470 x 370 mm<\/p>\n<p>Volumen: 14 L<\/p>\n","protected":false},"excerpt":{"rendered":"<p>Verschlie\u00dfen Sie Ihre Dokumente, Wertgegenst\u00e4nde oder Kurzwaffen zuverl\u00e4ssig und sch\u00fctzen Sie sie vor ungewollten Zugriffen. Der Schubladentresor Coverchest 1 hat eine kompakte Gr\u00f6\u00dfe und sch\u00fctzt mit dem Feuerfalz vor leichten Br\u00e4nden. Das Elektronikschloss kann auch mit einem Mastercode und einer mechanischen Not\u00f6ffnung ge\u00f6ffnet werden. Da die T\u00fcr nach oben \u00f6ffnet k\u00f6nnen Sie den Schubladentresor entweder [&hellip;]<\/p>\n","protected":false},"featured_media":365,"template":"","meta":[],"product_cat":[],"product_tag":[],"class_list":{"0":"post-272","1":"product","2":"type-product","3":"status-publish","4":"has-post-thumbnail","7":"first","8":"instock","9":"taxable","10":"shipping-taxable","11":"purchasable","12":"product-type-simple"},"_links":{"self":[{"href":"https:\/\/actionmall.act.at\/shop\/2890\/en\/wp-json\/wp\/v2\/product\/272"}],"collection":[{"href":"https:\/\/actionmall.act.at\/shop\/2890\/en\/wp-json\/wp\/v2\/product"}],"about":[{"href":"https:\/\/actionmall.act.at\/shop\/2890\/en\/wp-json\/wp\/v2\/types\/product"}],"wp:featuredmedia":[{"embeddable":true,"href":"https:\/\/actionmall.act.at\/shop\/2890\/en\/wp-json\/wp\/v2\/media\/365"}],"wp:attachment":[{"href":"https:\/\/actionmall.act.at\/shop\/2890\/en\/wp-json\/wp\/v2\/media?parent=272"}],"wp:term":[{"taxonomy":"product_cat","embeddable":true,"href":"https:\/\/actionmall.act.at\/shop\/2890\/en\/wp-json\/wp\/v2\/product_cat?post=272"},{"taxonomy":"product_tag","embeddable":true,"href":"https:\/\/actionmall.act.at\/shop\/2890\/en\/wp-json\/wp\/v2\/product_tag?post=272"}],"curies":[{"name":"wp","href":"https:\/\/api.w.org\/{rel}","templated":true}]}}