{"id":285,"date":"2024-11-21T13:58:42","date_gmt":"2024-11-21T12:58:42","guid":{"rendered":"https:\/\/actionmall.act.at\/shop\/2890\/?post_type=product&#038;p=285"},"modified":"2026-01-29T13:35:26","modified_gmt":"2026-01-29T12:35:26","slug":"geldzaehlkassette-london-schwarz","status":"publish","type":"product","link":"https:\/\/actionmall.act.at\/shop\/2890\/en\/produkt\/geldzaehlkassette-london-schwarz\/","title":{"rendered":"Geldkassette schwarz"},"content":{"rendered":"<p>Die elegante EURO-Geldz\u00e4hlkassette London mit funktioneller Inneneinrichtung ist perfekt f\u00fcr die Geldorganisation. Die Geldkassette ist mit einem EURO-M\u00fcnzz\u00e4hlbrett und einem Geldscheinfach f\u00fcr<\/p>\n<p>4 Banknoten ausgestattet. Das M\u00fcnzz\u00e4hlbrett schwenkt beim \u00d6ffnen des Deckels automatisch zur\u00fcck. Ideal f\u00fcr den Geldtransport.<\/p>\n<p><strong>Sicherheitsmerkmale:<\/strong><\/p>\n<ul>\n<li>Aus hochwertigem Qualit\u00e4ts-Stahlblech hergestellt<\/li>\n<li>EURO-M\u00fcnzz\u00e4hlbrett<\/li>\n<li>EURO-Banknotenfach<\/li>\n<li>2 Tragegriffe \u2013 je 1 St\u00fcck an der Frontseite und am Deckel<\/li>\n<li>das M\u00fcnzz\u00e4hlbrett schwenkt beim \u00d6ffnen des Deckels automatisch zur\u00fcck<\/li>\n<li>Verschluss mittels Zylinderschloss inkl. 2 Schl\u00fcssel<\/li>\n<li>Lackierung: anthrazit<\/li>\n<\/ul>\n<p>&nbsp;<\/p>\n<p>Gewicht: 4.0 kg<\/p>\n<p>Ma\u00dfe: 110 x 370 x 290 mm<\/p>\n","protected":false},"excerpt":{"rendered":"<p>Die elegante EURO-Geldz\u00e4hlkassette London mit funktioneller Inneneinrichtung ist perfekt f\u00fcr die Geldorganisation. Die Geldkassette ist mit einem EURO-M\u00fcnzz\u00e4hlbrett und einem Geldscheinfach f\u00fcr 4 Banknoten ausgestattet. Das M\u00fcnzz\u00e4hlbrett schwenkt beim \u00d6ffnen des Deckels automatisch zur\u00fcck. Ideal f\u00fcr den Geldtransport. Sicherheitsmerkmale: Aus hochwertigem Qualit\u00e4ts-Stahlblech hergestellt EURO-M\u00fcnzz\u00e4hlbrett EURO-Banknotenfach 2 Tragegriffe \u2013 je 1 St\u00fcck an der Frontseite und [&hellip;]<\/p>\n","protected":false},"featured_media":360,"template":"","meta":[],"product_cat":[],"product_tag":[],"class_list":{"0":"post-285","1":"product","2":"type-product","3":"status-publish","4":"has-post-thumbnail","7":"first","8":"instock","9":"taxable","10":"shipping-taxable","11":"purchasable","12":"product-type-simple"},"_links":{"self":[{"href":"https:\/\/actionmall.act.at\/shop\/2890\/en\/wp-json\/wp\/v2\/product\/285"}],"collection":[{"href":"https:\/\/actionmall.act.at\/shop\/2890\/en\/wp-json\/wp\/v2\/product"}],"about":[{"href":"https:\/\/actionmall.act.at\/shop\/2890\/en\/wp-json\/wp\/v2\/types\/product"}],"wp:featuredmedia":[{"embeddable":true,"href":"https:\/\/actionmall.act.at\/shop\/2890\/en\/wp-json\/wp\/v2\/media\/360"}],"wp:attachment":[{"href":"https:\/\/actionmall.act.at\/shop\/2890\/en\/wp-json\/wp\/v2\/media?parent=285"}],"wp:term":[{"taxonomy":"product_cat","embeddable":true,"href":"https:\/\/actionmall.act.at\/shop\/2890\/en\/wp-json\/wp\/v2\/product_cat?post=285"},{"taxonomy":"product_tag","embeddable":true,"href":"https:\/\/actionmall.act.at\/shop\/2890\/en\/wp-json\/wp\/v2\/product_tag?post=285"}],"curies":[{"name":"wp","href":"https:\/\/api.w.org\/{rel}","templated":true}]}}