{"id":254,"date":"2024-11-21T13:16:08","date_gmt":"2024-11-21T12:16:08","guid":{"rendered":"https:\/\/actionmall.act.at\/shop\/2890\/?post_type=product&#038;p=254"},"modified":"2026-01-29T13:44:35","modified_gmt":"2026-01-29T12:44:35","slug":"feuerfeste-dokumententasche-din-a3","status":"publish","type":"product","link":"https:\/\/actionmall.act.at\/shop\/2890\/produkt\/feuerfeste-dokumententasche-din-a3\/","title":{"rendered":"Feuerfeste Dokumententasche"},"content":{"rendered":"<p><span class=\"TextRun SCXW27310534 BCX8\" lang=\"DE-DE\" xml:lang=\"DE-DE\" data-contrast=\"auto\"><span class=\"NormalTextRun SCXW27310534 BCX8\">Sie m\u00f6chten Ihre Papierdokumente zus\u00e4tzlich sch\u00fctzen oder haben einen Tresor ohne Feuerschutz? Dann ist die feuerfeste Dokumententasche Din A3 genau passend f\u00fcr dieses Anliegen. Das feuerfeste Material bewahrt Ihre Papierdokumente im DIN A3-Format vor Schaden. Ihre Dokumente sind damit sicher vor Feuer, Hitze und Spritzwasser im Tresor verwahrt.<\/span><\/span><span class=\"EOP SCXW27310534 BCX8\" data-ccp-props=\"{\">\u00a0<\/span><\/p>\n<p><span class=\"TextRun SCXW208777040 BCX8\" lang=\"DE-DE\" xml:lang=\"DE-DE\" data-contrast=\"auto\"><span class=\"NormalTextRun SCXW208777040 BCX8\">Material:<\/span><\/span><span class=\"EOP SCXW208777040 BCX8\" data-ccp-props=\"{\">\u00a0<\/span><\/p>\n<p><span class=\"TextRun SCXW37311558 BCX8\" lang=\"DE-DE\" xml:lang=\"DE-DE\" data-contrast=\"auto\"><span class=\"NormalTextRun SCXW37311558 BCX8\">Glasfaserverst\u00e4rkter Kunststoff mit Aluminiumbeschichtung Innenfutter roter Samt\u00a0<\/span><\/span><\/p>\n<p>&nbsp;<\/p>\n<p><span class=\"TextRun SCXW192214370 BCX8\" lang=\"DE-DE\" xml:lang=\"DE-DE\" data-contrast=\"auto\"><span class=\"NormalTextRun SCXW192214370 BCX8\">Gewicht: 0,2 kg\u00a0<\/span><\/span><span class=\"EOP SCXW192214370 BCX8\" data-ccp-props=\"{\">\u00a0<\/span><\/p>\n<p><span data-contrast=\"auto\">Ma\u00dfe: 470 x 340 x 20 mm\u00a0<\/span><span data-ccp-props=\"{\">\u00a0<\/span><\/p>\n<p><span data-contrast=\"auto\">Volumen: 2,16 L<\/span><span data-ccp-props=\"{\">\u00a0<\/span><\/p>\n","protected":false},"excerpt":{"rendered":"<p>Sie m\u00f6chten Ihre Papierdokumente zus\u00e4tzlich sch\u00fctzen oder haben einen Tresor ohne Feuerschutz? Dann ist die feuerfeste Dokumententasche Din A3 genau passend f\u00fcr dieses Anliegen. Das feuerfeste Material bewahrt Ihre Papierdokumente im DIN A3-Format vor Schaden. Ihre Dokumente sind damit sicher vor Feuer, Hitze und Spritzwasser im Tresor verwahrt.\u00a0 Material:\u00a0 Glasfaserverst\u00e4rkter Kunststoff mit Aluminiumbeschichtung Innenfutter roter [&hellip;]<\/p>\n","protected":false},"featured_media":374,"template":"","meta":[],"product_cat":[],"product_tag":[],"class_list":{"0":"post-254","1":"product","2":"type-product","3":"status-publish","4":"has-post-thumbnail","7":"first","8":"instock","9":"taxable","10":"shipping-taxable","11":"purchasable","12":"product-type-simple"},"_links":{"self":[{"href":"https:\/\/actionmall.act.at\/shop\/2890\/wp-json\/wp\/v2\/product\/254"}],"collection":[{"href":"https:\/\/actionmall.act.at\/shop\/2890\/wp-json\/wp\/v2\/product"}],"about":[{"href":"https:\/\/actionmall.act.at\/shop\/2890\/wp-json\/wp\/v2\/types\/product"}],"wp:featuredmedia":[{"embeddable":true,"href":"https:\/\/actionmall.act.at\/shop\/2890\/wp-json\/wp\/v2\/media\/374"}],"wp:attachment":[{"href":"https:\/\/actionmall.act.at\/shop\/2890\/wp-json\/wp\/v2\/media?parent=254"}],"wp:term":[{"taxonomy":"product_cat","embeddable":true,"href":"https:\/\/actionmall.act.at\/shop\/2890\/wp-json\/wp\/v2\/product_cat?post=254"},{"taxonomy":"product_tag","embeddable":true,"href":"https:\/\/actionmall.act.at\/shop\/2890\/wp-json\/wp\/v2\/product_tag?post=254"}],"curies":[{"name":"wp","href":"https:\/\/api.w.org\/{rel}","templated":true}]}}