{"id":262,"date":"2024-11-21T13:29:26","date_gmt":"2024-11-21T12:29:26","guid":{"rendered":"https:\/\/actionmall.act.at\/shop\/2890\/?post_type=product&#038;p=262"},"modified":"2026-01-29T13:44:03","modified_gmt":"2026-01-29T12:44:03","slug":"moebeltresor-jupiter-1-elektronikschloss","status":"publish","type":"product","link":"https:\/\/actionmall.act.at\/shop\/2890\/produkt\/moebeltresor-jupiter-1-elektronikschloss\/","title":{"rendered":"M\u00f6beltresor mit elektrischem Schloss"},"content":{"rendered":"<p><span data-contrast=\"auto\">Nicht Fred vom Jupiter, sondern Jupiter 1 hei\u00dft dieser kompakte M\u00f6beltresor, der in jede noch so kleine Wohnung oder Hotelzimmer passt. Er wird in ein M\u00f6belst\u00fcck Ihrer Wahl \u2013 Schrank, Kommode, Schreibtisch \u2013 integriert und mit dem Verankerungsmaterial befestigt. Die durchgef\u00fchrten R\u00fcckwand- und Bodenbohrungen erleichtern Ihnen die Montage. Auf der Bodenseite befindet sich eine Filzeinlage, die Ihre Wertgegenst\u00e4nde sch\u00fctzt. Die Serie Jupiter gibt es in unterschiedlichen Gr\u00f6\u00dfen und Schlossvarianten.<\/span><span data-ccp-props=\"{\">\u00a0<\/span><\/p>\n<p><span data-ccp-props=\"{\">\u00a0<\/span><span class=\"TextRun SCXW245965645 BCX8\" lang=\"DE-DE\" xml:lang=\"DE-DE\" data-contrast=\"auto\"><span class=\"NormalTextRun SCXW245965645 BCX8\">Verschluss:<\/span><\/span><\/p>\n<ul>\n<li><span data-contrast=\"auto\">einfach zu bedienendes Elektronikschloss<\/span><\/li>\n<li><span data-contrast=\"auto\">Batterien nicht im Lieferumfang enthalten<\/span><\/li>\n<li><span data-contrast=\"auto\">2 Not\u00f6ffnungsschl\u00fcssel inkl. f\u00fcr mechanische Not\u00f6ffnung<\/span><\/li>\n<\/ul>\n<p><span data-ccp-props=\"{\">\u00a0<\/span><\/p>\n<p><b><span data-contrast=\"auto\">Sicherheitsmerkmale:<\/span><\/b><span data-ccp-props=\"{\">\u00a0<\/span><\/p>\n<ul>\n<li><span data-contrast=\"auto\">einwandiger M\u00f6beleinsatztresor Korpus 1 mm<\/span><\/li>\n<li><span data-contrast=\"auto\">T\u00fcrblattst\u00e4rke 3 mm<\/span><\/li>\n<li><span data-contrast=\"auto\">T\u00fcrst\u00e4rke 36 mm<\/span><\/li>\n<li><span data-contrast=\"auto\">2 Bolzen mit \u00d8 16 mm<\/span><\/li>\n<\/ul>\n<p><span data-ccp-props=\"{\">\u00a0<\/span><\/p>\n<p><span data-contrast=\"auto\">Gewicht: 2.5 kg<\/span><span data-ccp-props=\"{\">\u00a0<\/span><\/p>\n<p><span data-contrast=\"auto\">Ma\u00dfe: 170 x 230 x 170 mm<\/span><span data-ccp-props=\"{\">\u00a0<\/span><\/p>\n<p><span data-contrast=\"auto\">Volumen: 4,9 L<\/span><span data-ccp-props=\"{\">\u00a0<\/span><\/p>\n","protected":false},"excerpt":{"rendered":"<p>Nicht Fred vom Jupiter, sondern Jupiter 1 hei\u00dft dieser kompakte M\u00f6beltresor, der in jede noch so kleine Wohnung oder Hotelzimmer passt. Er wird in ein M\u00f6belst\u00fcck Ihrer Wahl \u2013 Schrank, Kommode, Schreibtisch \u2013 integriert und mit dem Verankerungsmaterial befestigt. Die durchgef\u00fchrten R\u00fcckwand- und Bodenbohrungen erleichtern Ihnen die Montage. Auf der Bodenseite befindet sich eine Filzeinlage, [&hellip;]<\/p>\n","protected":false},"featured_media":373,"template":"","meta":[],"product_cat":[],"product_tag":[],"class_list":{"0":"post-262","1":"product","2":"type-product","3":"status-publish","4":"has-post-thumbnail","7":"first","8":"instock","9":"taxable","10":"shipping-taxable","11":"purchasable","12":"product-type-simple"},"_links":{"self":[{"href":"https:\/\/actionmall.act.at\/shop\/2890\/wp-json\/wp\/v2\/product\/262"}],"collection":[{"href":"https:\/\/actionmall.act.at\/shop\/2890\/wp-json\/wp\/v2\/product"}],"about":[{"href":"https:\/\/actionmall.act.at\/shop\/2890\/wp-json\/wp\/v2\/types\/product"}],"wp:featuredmedia":[{"embeddable":true,"href":"https:\/\/actionmall.act.at\/shop\/2890\/wp-json\/wp\/v2\/media\/373"}],"wp:attachment":[{"href":"https:\/\/actionmall.act.at\/shop\/2890\/wp-json\/wp\/v2\/media?parent=262"}],"wp:term":[{"taxonomy":"product_cat","embeddable":true,"href":"https:\/\/actionmall.act.at\/shop\/2890\/wp-json\/wp\/v2\/product_cat?post=262"},{"taxonomy":"product_tag","embeddable":true,"href":"https:\/\/actionmall.act.at\/shop\/2890\/wp-json\/wp\/v2\/product_tag?post=262"}],"curies":[{"name":"wp","href":"https:\/\/api.w.org\/{rel}","templated":true}]}}