{"id":275,"date":"2024-11-21T13:49:11","date_gmt":"2024-11-21T12:49:11","guid":{"rendered":"https:\/\/actionmall.act.at\/shop\/2890\/?post_type=product&#038;p=275"},"modified":"2026-01-29T13:37:28","modified_gmt":"2026-01-29T12:37:28","slug":"schluesselschrank-professional-100-zylinderschloss","status":"publish","type":"product","link":"https:\/\/actionmall.act.at\/shop\/2890\/produkt\/schluesselschrank-professional-100-zylinderschloss\/","title":{"rendered":"Schl\u00fcsselschrank Zylinderschloss"},"content":{"rendered":"<p>Der Schl\u00fcsselschrank Professional 100 sorgt f\u00fcr Ordnung in der Schl\u00fcsselaufbewahrung. Geh\u00e4use und T\u00fcr sind aus Qualit\u00e4tsfeinblech gefertigt. Die Hakenleisten sind glanzverzinkt und im Rastersystem verstellbar. Pro Haken wird ein Anh\u00e4nger GRATIS mitgeliefert. Ein schwenkbares Schl\u00fcsselregister unterst\u00fctzt die \u00dcbersicht des Schl\u00fcsselschrankes.<\/p>\n<p><strong>Sicherheitsmerkmale:<\/strong><\/p>\n<ul>\n<li>Geh\u00e4use und T\u00fcr aus Qualit\u00e4ts-Feinblech<\/li>\n<li>glanzverzinkte Hakenleisten fortlaufend nummeriert<\/li>\n<li>serienm\u00e4\u00dfig mit Schl\u00fcsselregister \u2013 schwenkbar<\/li>\n<li>f\u00fcr die Wandbefestigung vorgesehen<\/li>\n<\/ul>\n<p>&nbsp;<\/p>\n<p>Gewicht: 5.8 kg<\/p>\n<p>Ma\u00dfe: 550 x 380 x 80 mm<\/p>\n","protected":false},"excerpt":{"rendered":"<p>Der Schl\u00fcsselschrank Professional 100 sorgt f\u00fcr Ordnung in der Schl\u00fcsselaufbewahrung. Geh\u00e4use und T\u00fcr sind aus Qualit\u00e4tsfeinblech gefertigt. Die Hakenleisten sind glanzverzinkt und im Rastersystem verstellbar. Pro Haken wird ein Anh\u00e4nger GRATIS mitgeliefert. Ein schwenkbares Schl\u00fcsselregister unterst\u00fctzt die \u00dcbersicht des Schl\u00fcsselschrankes. Sicherheitsmerkmale: Geh\u00e4use und T\u00fcr aus Qualit\u00e4ts-Feinblech glanzverzinkte Hakenleisten fortlaufend nummeriert serienm\u00e4\u00dfig mit Schl\u00fcsselregister \u2013 schwenkbar [&hellip;]<\/p>\n","protected":false},"featured_media":364,"template":"","meta":[],"product_cat":[],"product_tag":[],"class_list":{"0":"post-275","1":"product","2":"type-product","3":"status-publish","4":"has-post-thumbnail","7":"first","8":"instock","9":"taxable","10":"shipping-taxable","11":"purchasable","12":"product-type-simple"},"_links":{"self":[{"href":"https:\/\/actionmall.act.at\/shop\/2890\/wp-json\/wp\/v2\/product\/275"}],"collection":[{"href":"https:\/\/actionmall.act.at\/shop\/2890\/wp-json\/wp\/v2\/product"}],"about":[{"href":"https:\/\/actionmall.act.at\/shop\/2890\/wp-json\/wp\/v2\/types\/product"}],"wp:featuredmedia":[{"embeddable":true,"href":"https:\/\/actionmall.act.at\/shop\/2890\/wp-json\/wp\/v2\/media\/364"}],"wp:attachment":[{"href":"https:\/\/actionmall.act.at\/shop\/2890\/wp-json\/wp\/v2\/media?parent=275"}],"wp:term":[{"taxonomy":"product_cat","embeddable":true,"href":"https:\/\/actionmall.act.at\/shop\/2890\/wp-json\/wp\/v2\/product_cat?post=275"},{"taxonomy":"product_tag","embeddable":true,"href":"https:\/\/actionmall.act.at\/shop\/2890\/wp-json\/wp\/v2\/product_tag?post=275"}],"curies":[{"name":"wp","href":"https:\/\/api.w.org\/{rel}","templated":true}]}}