{"id":276,"date":"2026-02-04T15:46:47","date_gmt":"2026-02-04T14:46:47","guid":{"rendered":"https:\/\/actionmall.act.at\/shop\/2899\/?post_type=product&#038;p=276"},"modified":"2026-02-04T15:46:47","modified_gmt":"2026-02-04T14:46:47","slug":"ipfbacher-maerzen-ohne-maerz","status":"publish","type":"product","link":"https:\/\/actionmall.act.at\/shop\/2899\/en\/produkt\/ipfbacher-maerzen-ohne-maerz\/","title":{"rendered":"Ipfbacher M\u00e4rzen ohne M\u00e4rz"},"content":{"rendered":"","protected":false},"excerpt":{"rendered":"<p>Das <span class=\"font-semibold\" data-streamdown=\"strong\">M\u00e4rzen ohne M\u00e4rz<\/span> der <span class=\"font-semibold\" data-streamdown=\"strong\">Ipfbacher Brauerei<\/span> ist die perfekte Wahl f\u00fcr alle, die den typischen vollmundigen Geschmack eines traditionellen M\u00e4rzenbiers genie\u00dfen m\u00f6chten \u2013 ganz ohne Alkohol. Mit <span class=\"font-semibold\" data-streamdown=\"strong\">0,0\u202f% Alkohol<\/span> verbindet dieses Bier echten Genuss mit einem klaren Kopf.<\/p>\n<p>Seine <span class=\"font-semibold\" data-streamdown=\"strong\">bernsteinfarbene<\/span> Optik und die <span class=\"font-semibold\" data-streamdown=\"strong\">feinporige, stabile Schaumkrone<\/span> machen es schon im Glas zu einem Erlebnis. Im Duft entfalten sich <span class=\"font-semibold\" data-streamdown=\"strong\">malzige Noten von Karamell und ger\u00f6stetem Getreide<\/span>, begleitet von einer dezenten Hopfenblume. Geschmacklich \u00fcberzeugt das M\u00e4rzen ohne M\u00e4rz mit <span class=\"font-semibold\" data-streamdown=\"strong\">weicher Malzs\u00fc\u00dfe<\/span>, ausgewogener <span class=\"font-semibold\" data-streamdown=\"strong\">Bittere<\/span> und einem angenehm <span class=\"font-semibold\" data-streamdown=\"strong\">runden Abgang<\/span>, der an echte bayerische Brautradition erinnert.<\/p>\n<p>Dank modernster Braukunst und einer besonders schonenden Entalkoholisierung bleibt das volle <span class=\"font-semibold\" data-streamdown=\"strong\">Aroma und K\u00f6rpergef\u00fchl eines klassischen M\u00e4rzenbiers<\/span> erhalten \u2013 nur eben alkoholfrei.<\/p>\n","protected":false},"featured_media":279,"template":"","meta":[],"product_cat":[],"product_tag":[],"class_list":{"0":"post-276","1":"product","2":"type-product","3":"status-publish","4":"has-post-thumbnail","7":"first","8":"instock","9":"taxable","10":"shipping-taxable","11":"purchasable","12":"product-type-simple"},"_links":{"self":[{"href":"https:\/\/actionmall.act.at\/shop\/2899\/en\/wp-json\/wp\/v2\/product\/276"}],"collection":[{"href":"https:\/\/actionmall.act.at\/shop\/2899\/en\/wp-json\/wp\/v2\/product"}],"about":[{"href":"https:\/\/actionmall.act.at\/shop\/2899\/en\/wp-json\/wp\/v2\/types\/product"}],"wp:featuredmedia":[{"embeddable":true,"href":"https:\/\/actionmall.act.at\/shop\/2899\/en\/wp-json\/wp\/v2\/media\/279"}],"wp:attachment":[{"href":"https:\/\/actionmall.act.at\/shop\/2899\/en\/wp-json\/wp\/v2\/media?parent=276"}],"wp:term":[{"taxonomy":"product_cat","embeddable":true,"href":"https:\/\/actionmall.act.at\/shop\/2899\/en\/wp-json\/wp\/v2\/product_cat?post=276"},{"taxonomy":"product_tag","embeddable":true,"href":"https:\/\/actionmall.act.at\/shop\/2899\/en\/wp-json\/wp\/v2\/product_tag?post=276"}],"curies":[{"name":"wp","href":"https:\/\/api.w.org\/{rel}","templated":true}]}}