{"id":283,"date":"2026-02-04T16:00:58","date_gmt":"2026-02-04T15:00:58","guid":{"rendered":"https:\/\/actionmall.act.at\/shop\/2899\/?post_type=product&#038;p=283"},"modified":"2026-02-04T16:00:58","modified_gmt":"2026-02-04T15:00:58","slug":"ipfbacher-radel-rudi-grapefruit","status":"publish","type":"product","link":"https:\/\/actionmall.act.at\/shop\/2899\/en\/produkt\/ipfbacher-radel-rudi-grapefruit\/","title":{"rendered":"Ipfbacher Radel- Rudi Grapefruit"},"content":{"rendered":"","protected":false},"excerpt":{"rendered":"<p data-start=\"134\" data-end=\"387\">Der <strong data-start=\"138\" data-end=\"173\">Ipfbacher Radel Rudi Grapefruit<\/strong> ist ein erfrischender Radler mit fruchtigem Grapefruitgeschmack aus der <strong data-start=\"246\" data-end=\"268\">Ipfbacher Brauerei<\/strong>. Mit nur <strong data-start=\"278\" data-end=\"300\">2,1 % vol. Alkohol<\/strong> ist er der ideale Durstl\u00f6scher f\u00fcr alle, die es leicht, spritzig und aromatisch m\u00f6gen.<\/p>\n<p data-start=\"389\" data-end=\"684\">Die feinherbe Grapefruit verleiht dem Radler seine lebendige Frische und sorgt f\u00fcr ein ausgewogenes Zusammenspiel aus angenehmer S\u00fc\u00dfe und erfrischender Bitterkeit. Leicht, prickelnd und wunderbar unkompliziert \u2013 perfekt f\u00fcr warme Tage, gesellige Runden oder als entspannter Genuss zwischendurch.<\/p>\n<p data-start=\"686\" data-end=\"793\"><strong data-start=\"686\" data-end=\"711\">Radel Rudi Grapefruit<\/strong> steht f\u00fcr fruchtige Erfrischung mit regionalem Charakter und maximalem Trinkspa\u00df.<\/p>\n","protected":false},"featured_media":284,"template":"","meta":[],"product_cat":[],"product_tag":[],"class_list":{"0":"post-283","1":"product","2":"type-product","3":"status-publish","4":"has-post-thumbnail","7":"first","8":"instock","9":"taxable","10":"shipping-taxable","11":"purchasable","12":"product-type-simple"},"_links":{"self":[{"href":"https:\/\/actionmall.act.at\/shop\/2899\/en\/wp-json\/wp\/v2\/product\/283"}],"collection":[{"href":"https:\/\/actionmall.act.at\/shop\/2899\/en\/wp-json\/wp\/v2\/product"}],"about":[{"href":"https:\/\/actionmall.act.at\/shop\/2899\/en\/wp-json\/wp\/v2\/types\/product"}],"wp:featuredmedia":[{"embeddable":true,"href":"https:\/\/actionmall.act.at\/shop\/2899\/en\/wp-json\/wp\/v2\/media\/284"}],"wp:attachment":[{"href":"https:\/\/actionmall.act.at\/shop\/2899\/en\/wp-json\/wp\/v2\/media?parent=283"}],"wp:term":[{"taxonomy":"product_cat","embeddable":true,"href":"https:\/\/actionmall.act.at\/shop\/2899\/en\/wp-json\/wp\/v2\/product_cat?post=283"},{"taxonomy":"product_tag","embeddable":true,"href":"https:\/\/actionmall.act.at\/shop\/2899\/en\/wp-json\/wp\/v2\/product_tag?post=283"}],"curies":[{"name":"wp","href":"https:\/\/api.w.org\/{rel}","templated":true}]}}