{"id":257,"date":"2025-12-03T16:15:12","date_gmt":"2025-12-03T15:15:12","guid":{"rendered":"https:\/\/actionmall.act.at\/shop\/2899\/?post_type=product&#038;p=257"},"modified":"2025-12-03T16:16:33","modified_gmt":"2025-12-03T15:16:33","slug":"ipfbacher-maerzen","status":"publish","type":"product","link":"https:\/\/actionmall.act.at\/shop\/2899\/produkt\/ipfbacher-maerzen\/","title":{"rendered":"Ipfbacher M\u00e4rzen"},"content":{"rendered":"<p><img loading=\"lazy\" decoding=\"async\" class=\"alignnone size-medium wp-image-258\" src=\"https:\/\/actionmall.act.at\/shop\/2899\/wp-content\/uploads\/2025\/12\/Bild-153x300.png\" alt=\"\" width=\"153\" height=\"300\" srcset=\"https:\/\/actionmall.act.at\/shop\/2899\/wp-content\/uploads\/2025\/12\/Bild-153x300.png 153w, https:\/\/actionmall.act.at\/shop\/2899\/wp-content\/uploads\/2025\/12\/Bild-524x1024.png 524w, https:\/\/actionmall.act.at\/shop\/2899\/wp-content\/uploads\/2025\/12\/Bild-416x813.png 416w, https:\/\/actionmall.act.at\/shop\/2899\/wp-content\/uploads\/2025\/12\/Bild.png 729w\" sizes=\"(max-width: 153px) 100vw, 153px\" \/><\/p>\n","protected":false},"excerpt":{"rendered":"<p>Ipfbacher M\u00e4rzen \u2013 kr\u00e4ftig, malzaromatisch und traditionsbewusst<\/p>\n<p>Das Ipfbacher Bier M\u00e4rzen ist ein fein ausgewogenes, unterg\u00e4riges Vollbier mit 5 % Alkoholgehalt, das seine Wurzeln in der ober\u00f6sterreichischen Braukunst hat. Es pr\u00e4sentiert sich in einem warmen, bernsteinfarbenen Ton und \u00fcberzeugt mit einer herrlich klaren Schaumkrone.<\/p>\n<p>Im Geschmack zeigt sich das M\u00e4rzen vollmundig und rund: eine angenehme Malzs\u00fc\u00dfe, und ein mildes, harmonisch eingebundenes Hopfenaroma. Die dezente Bittere sorgt f\u00fcr einen weichen, sauberen Abgang \u2013 ideal f\u00fcr Genie\u00dfer, die klassische Bierstile sch\u00e4tzen.<\/p>\n<p>Ob zur deftigen Brotzeit, zum Grillen oder als gem\u00fctliches Feierabendbier: Das Ipfbacher M\u00e4rzen ist ein zuverl\u00e4ssiger Begleiter f\u00fcr jeden Anlass. Traditionell gebraut, charaktervoll im Geschmack und mit einer ausgewogenen St\u00e4rke \u2013 ein Bier, das Geselligkeit und Handwerkskunst vereint.<\/p>\n","protected":false},"featured_media":258,"template":"","meta":[],"product_cat":[],"product_tag":[],"class_list":{"0":"post-257","1":"product","2":"type-product","3":"status-publish","4":"has-post-thumbnail","7":"first","8":"instock","9":"taxable","10":"shipping-taxable","11":"purchasable","12":"product-type-simple"},"_links":{"self":[{"href":"https:\/\/actionmall.act.at\/shop\/2899\/wp-json\/wp\/v2\/product\/257"}],"collection":[{"href":"https:\/\/actionmall.act.at\/shop\/2899\/wp-json\/wp\/v2\/product"}],"about":[{"href":"https:\/\/actionmall.act.at\/shop\/2899\/wp-json\/wp\/v2\/types\/product"}],"wp:featuredmedia":[{"embeddable":true,"href":"https:\/\/actionmall.act.at\/shop\/2899\/wp-json\/wp\/v2\/media\/258"}],"wp:attachment":[{"href":"https:\/\/actionmall.act.at\/shop\/2899\/wp-json\/wp\/v2\/media?parent=257"}],"wp:term":[{"taxonomy":"product_cat","embeddable":true,"href":"https:\/\/actionmall.act.at\/shop\/2899\/wp-json\/wp\/v2\/product_cat?post=257"},{"taxonomy":"product_tag","embeddable":true,"href":"https:\/\/actionmall.act.at\/shop\/2899\/wp-json\/wp\/v2\/product_tag?post=257"}],"curies":[{"name":"wp","href":"https:\/\/api.w.org\/{rel}","templated":true}]}}