{"id":292,"date":"2026-03-11T15:52:10","date_gmt":"2026-03-11T14:52:10","guid":{"rendered":"https:\/\/actionmall.act.at\/shop\/2899\/?post_type=product&#038;p=292"},"modified":"2026-04-08T15:57:22","modified_gmt":"2026-04-08T13:57:22","slug":"ipfbacher-blubberbande-ananas","status":"publish","type":"product","link":"https:\/\/actionmall.act.at\/shop\/2899\/produkt\/ipfbacher-blubberbande-ananas\/","title":{"rendered":"Ipfbacher Blubberbande Ananas"},"content":{"rendered":"<p data-start=\"62\" data-end=\"291\">Die <strong data-start=\"66\" data-end=\"99\">Ipfbacher Blubberbande Ananas<\/strong> ist die spritzige Erfrischung f\u00fcr alle, die fruchtigen Geschmack und prickelnde Limonade lieben. Mit ihrem intensiven, tropischen Ananasaroma bringt diese Limo sofort Sommerstimmung ins Glas.<\/p>\n<p data-start=\"293\" data-end=\"645\">Die feine Kohlens\u00e4ure sorgt f\u00fcr ein angenehm prickelndes Gef\u00fchl, w\u00e4hrend der s\u00fc\u00df-fruchtige Geschmack reifer Ananas jeden Schluck zu einem kleinen Urlaub f\u00fcr die Geschmacksknospen macht. Ob eiskalt an hei\u00dfen Tagen, beim Treffen mit Freunden oder einfach zwischendurch \u2013 die Ipfbacher Blubberbande Ananas ist der perfekte Durstl\u00f6scher f\u00fcr Gro\u00df und Klein.<\/p>\n<p data-start=\"647\" data-end=\"662\">Ipfbacher Blubberbande Ananas \u2013 fruchtig, spritzig, einfach blubbernd gut!<\/p>\n","protected":false},"excerpt":{"rendered":"<p>Die Ipfbacher Blubberbande Ananas ist die spritzige Erfrischung f\u00fcr alle, die fruchtigen Geschmack und prickelnde Limonade lieben. Mit ihrem intensiven, tropischen Ananasaroma bringt diese Limo sofort Sommerstimmung ins Glas. Die feine Kohlens\u00e4ure sorgt f\u00fcr ein angenehm prickelndes Gef\u00fchl, w\u00e4hrend der s\u00fc\u00df-fruchtige Geschmack reifer Ananas jeden Schluck zu einem kleinen Urlaub f\u00fcr die Geschmacksknospen macht. Ob [&hellip;]<\/p>\n","protected":false},"featured_media":295,"template":"","meta":[],"product_cat":[44],"product_tag":[],"class_list":{"0":"post-292","1":"product","2":"type-product","3":"status-publish","4":"has-post-thumbnail","6":"product_cat-essen-und-trinken","8":"first","9":"instock","10":"taxable","11":"shipping-taxable","12":"purchasable","13":"product-type-simple"},"_links":{"self":[{"href":"https:\/\/actionmall.act.at\/shop\/2899\/wp-json\/wp\/v2\/product\/292"}],"collection":[{"href":"https:\/\/actionmall.act.at\/shop\/2899\/wp-json\/wp\/v2\/product"}],"about":[{"href":"https:\/\/actionmall.act.at\/shop\/2899\/wp-json\/wp\/v2\/types\/product"}],"wp:featuredmedia":[{"embeddable":true,"href":"https:\/\/actionmall.act.at\/shop\/2899\/wp-json\/wp\/v2\/media\/295"}],"wp:attachment":[{"href":"https:\/\/actionmall.act.at\/shop\/2899\/wp-json\/wp\/v2\/media?parent=292"}],"wp:term":[{"taxonomy":"product_cat","embeddable":true,"href":"https:\/\/actionmall.act.at\/shop\/2899\/wp-json\/wp\/v2\/product_cat?post=292"},{"taxonomy":"product_tag","embeddable":true,"href":"https:\/\/actionmall.act.at\/shop\/2899\/wp-json\/wp\/v2\/product_tag?post=292"}],"curies":[{"name":"wp","href":"https:\/\/api.w.org\/{rel}","templated":true}]}}