{"id":296,"date":"2026-03-11T15:53:46","date_gmt":"2026-03-11T14:53:46","guid":{"rendered":"https:\/\/actionmall.act.at\/shop\/2899\/?post_type=product&#038;p=296"},"modified":"2026-04-08T15:56:04","modified_gmt":"2026-04-08T13:56:04","slug":"ipfbacher-blubberbande-grape","status":"publish","type":"product","link":"https:\/\/actionmall.act.at\/shop\/2899\/produkt\/ipfbacher-blubberbande-grape\/","title":{"rendered":"Ipfbacher Blubberbande Grape"},"content":{"rendered":"<p data-start=\"61\" data-end=\"326\">Die <strong data-start=\"65\" data-end=\"97\">Ipfbacher Blubberbande Grape<\/strong> ist die perfekte Limonade f\u00fcr alle, die einen intensiven und fruchtigen Traubengeschmack lieben. Die spritzige Kohlens\u00e4ure trifft auf das s\u00fc\u00df-aromatische Aroma saftiger Trauben und sorgt f\u00fcr ein erfrischendes Geschmackserlebnis.<\/p>\n<p data-start=\"328\" data-end=\"510\">Jeder Schluck bringt eine harmonische Mischung aus fruchtiger S\u00fc\u00dfe und prickelnder Frische \u2013 ideal f\u00fcr hei\u00dfe Tage, gem\u00fctliche Abende oder als erfrischender Begleiter f\u00fcr unterwegs.<\/p>\n<p data-start=\"328\" data-end=\"510\">Ipfbacher Blubberbande Grape \u2013 fruchtig, spritzig, einfach blubbernd gut!<\/p>\n","protected":false},"excerpt":{"rendered":"<p>Die Ipfbacher Blubberbande Grape ist die perfekte Limonade f\u00fcr alle, die einen intensiven und fruchtigen Traubengeschmack lieben. Die spritzige Kohlens\u00e4ure trifft auf das s\u00fc\u00df-aromatische Aroma saftiger Trauben und sorgt f\u00fcr ein erfrischendes Geschmackserlebnis. Jeder Schluck bringt eine harmonische Mischung aus fruchtiger S\u00fc\u00dfe und prickelnder Frische \u2013 ideal f\u00fcr hei\u00dfe Tage, gem\u00fctliche Abende oder als erfrischender [&hellip;]<\/p>\n","protected":false},"featured_media":297,"template":"","meta":[],"product_cat":[44],"product_tag":[],"class_list":{"0":"post-296","1":"product","2":"type-product","3":"status-publish","4":"has-post-thumbnail","6":"product_cat-essen-und-trinken","8":"first","9":"instock","10":"taxable","11":"shipping-taxable","12":"purchasable","13":"product-type-simple"},"_links":{"self":[{"href":"https:\/\/actionmall.act.at\/shop\/2899\/wp-json\/wp\/v2\/product\/296"}],"collection":[{"href":"https:\/\/actionmall.act.at\/shop\/2899\/wp-json\/wp\/v2\/product"}],"about":[{"href":"https:\/\/actionmall.act.at\/shop\/2899\/wp-json\/wp\/v2\/types\/product"}],"wp:featuredmedia":[{"embeddable":true,"href":"https:\/\/actionmall.act.at\/shop\/2899\/wp-json\/wp\/v2\/media\/297"}],"wp:attachment":[{"href":"https:\/\/actionmall.act.at\/shop\/2899\/wp-json\/wp\/v2\/media?parent=296"}],"wp:term":[{"taxonomy":"product_cat","embeddable":true,"href":"https:\/\/actionmall.act.at\/shop\/2899\/wp-json\/wp\/v2\/product_cat?post=296"},{"taxonomy":"product_tag","embeddable":true,"href":"https:\/\/actionmall.act.at\/shop\/2899\/wp-json\/wp\/v2\/product_tag?post=296"}],"curies":[{"name":"wp","href":"https:\/\/api.w.org\/{rel}","templated":true}]}}