{"id":298,"date":"2026-03-11T15:54:46","date_gmt":"2026-03-11T14:54:46","guid":{"rendered":"https:\/\/actionmall.act.at\/shop\/2899\/?post_type=product&#038;p=298"},"modified":"2026-04-08T15:55:35","modified_gmt":"2026-04-08T13:55:35","slug":"ipfbacher-blubberbande-zitrone","status":"publish","type":"product","link":"https:\/\/actionmall.act.at\/shop\/2899\/produkt\/ipfbacher-blubberbande-zitrone\/","title":{"rendered":"Ipfbacher Blubberbande Zitrone"},"content":{"rendered":"<p data-start=\"847\" data-end=\"1109\">Die <strong data-start=\"851\" data-end=\"885\">Ipfbacher Blubberbande Zitrone<\/strong> ist die klassische Erfrischung mit einer extra Portion spritziger Frische. Der lebendige Geschmack sonnengereifter Zitronen kombiniert sich perfekt mit prickelnder Kohlens\u00e4ure und sorgt f\u00fcr eine angenehm belebende Limonade.<\/p>\n<p data-start=\"1111\" data-end=\"1296\">Die leichte S\u00e4ure der Zitrone macht jeden Schluck besonders erfrischend und sorgt f\u00fcr einen klaren, fruchtigen Geschmack \u2013 perfekt, um den Durst zu stillen und neue Energie zu tanken.<\/p>\n<p data-start=\"1111\" data-end=\"1296\">Ipfbacher Blubberbande Zitrone \u2013 spritzig, frisch und blubbernd gut!<\/p>\n","protected":false},"excerpt":{"rendered":"<p>Die Ipfbacher Blubberbande Zitrone ist die klassische Erfrischung mit einer extra Portion spritziger Frische. Der lebendige Geschmack sonnengereifter Zitronen kombiniert sich perfekt mit prickelnder Kohlens\u00e4ure und sorgt f\u00fcr eine angenehm belebende Limonade. Die leichte S\u00e4ure der Zitrone macht jeden Schluck besonders erfrischend und sorgt f\u00fcr einen klaren, fruchtigen Geschmack \u2013 perfekt, um den Durst zu [&hellip;]<\/p>\n","protected":false},"featured_media":299,"template":"","meta":[],"product_cat":[44],"product_tag":[],"class_list":{"0":"post-298","1":"product","2":"type-product","3":"status-publish","4":"has-post-thumbnail","6":"product_cat-essen-und-trinken","8":"first","9":"instock","10":"taxable","11":"shipping-taxable","12":"purchasable","13":"product-type-simple"},"_links":{"self":[{"href":"https:\/\/actionmall.act.at\/shop\/2899\/wp-json\/wp\/v2\/product\/298"}],"collection":[{"href":"https:\/\/actionmall.act.at\/shop\/2899\/wp-json\/wp\/v2\/product"}],"about":[{"href":"https:\/\/actionmall.act.at\/shop\/2899\/wp-json\/wp\/v2\/types\/product"}],"wp:featuredmedia":[{"embeddable":true,"href":"https:\/\/actionmall.act.at\/shop\/2899\/wp-json\/wp\/v2\/media\/299"}],"wp:attachment":[{"href":"https:\/\/actionmall.act.at\/shop\/2899\/wp-json\/wp\/v2\/media?parent=298"}],"wp:term":[{"taxonomy":"product_cat","embeddable":true,"href":"https:\/\/actionmall.act.at\/shop\/2899\/wp-json\/wp\/v2\/product_cat?post=298"},{"taxonomy":"product_tag","embeddable":true,"href":"https:\/\/actionmall.act.at\/shop\/2899\/wp-json\/wp\/v2\/product_tag?post=298"}],"curies":[{"name":"wp","href":"https:\/\/api.w.org\/{rel}","templated":true}]}}