{"id":254,"date":"2024-11-14T14:28:15","date_gmt":"2024-11-14T13:28:15","guid":{"rendered":"https:\/\/actionmall.act.at\/shop\/2912\/?post_type=product&#038;p=254"},"modified":"2024-12-12T15:33:41","modified_gmt":"2024-12-12T14:33:41","slug":"cleanser-wooden-floor","status":"publish","type":"product","link":"https:\/\/actionmall.act.at\/shop\/2912\/produkt\/cleanser-wooden-floor\/","title":{"rendered":"CleaNser-Wooden Floor"},"content":{"rendered":"<p>Menge: 1<\/p>\n<p>Auff\u00fcllbare, recyclebare Verpackung.<\/p>\n<p>Reinigt sanft und pr\u00e4zise.<\/p>\n<p>Sch\u00fctzt den Fu\u00dfboden vor Feuchtigkeit und verleiht einen nat\u00fcrlichen Glanz.<\/p>\n<p>98,7% Biologisch abbaubare und nat\u00fcrliche Inhaltsstoffe,<\/p>\n<p>1000ml pro Packung<\/p>\n","protected":false},"excerpt":{"rendered":"<p>Menge: 1 Auff\u00fcllbare, recyclebare Verpackung. Reinigt sanft und pr\u00e4zise. Sch\u00fctzt den Fu\u00dfboden vor Feuchtigkeit und verleiht einen nat\u00fcrlichen Glanz. 98,7% Biologisch abbaubare und nat\u00fcrliche Inhaltsstoffe, 1000ml pro Packung<\/p>\n","protected":false},"featured_media":284,"template":"","meta":[],"product_cat":[],"product_tag":[],"class_list":{"0":"post-254","1":"product","2":"type-product","3":"status-publish","4":"has-post-thumbnail","7":"first","8":"instock","9":"taxable","10":"shipping-taxable","11":"purchasable","12":"product-type-simple"},"_links":{"self":[{"href":"https:\/\/actionmall.act.at\/shop\/2912\/wp-json\/wp\/v2\/product\/254"}],"collection":[{"href":"https:\/\/actionmall.act.at\/shop\/2912\/wp-json\/wp\/v2\/product"}],"about":[{"href":"https:\/\/actionmall.act.at\/shop\/2912\/wp-json\/wp\/v2\/types\/product"}],"wp:featuredmedia":[{"embeddable":true,"href":"https:\/\/actionmall.act.at\/shop\/2912\/wp-json\/wp\/v2\/media\/284"}],"wp:attachment":[{"href":"https:\/\/actionmall.act.at\/shop\/2912\/wp-json\/wp\/v2\/media?parent=254"}],"wp:term":[{"taxonomy":"product_cat","embeddable":true,"href":"https:\/\/actionmall.act.at\/shop\/2912\/wp-json\/wp\/v2\/product_cat?post=254"},{"taxonomy":"product_tag","embeddable":true,"href":"https:\/\/actionmall.act.at\/shop\/2912\/wp-json\/wp\/v2\/product_tag?post=254"}],"curies":[{"name":"wp","href":"https:\/\/api.w.org\/{rel}","templated":true}]}}